{"id":70,"date":"2018-11-16T10:08:07","date_gmt":"2018-11-16T09:08:07","guid":{"rendered":"http:\/\/calypso-service.com\/?page_id=70"},"modified":"2018-11-22T10:36:03","modified_gmt":"2018-11-22T09:36:03","slug":"services","status":"publish","type":"page","link":"https:\/\/calypso-service.com\/index.php\/services\/","title":{"rendered":"Services"},"content":{"rendered":"<p>Tout au long de l&#8217;ann\u00e9e, Calypso Services intervient pour apporter \u00e0 ses clients des solutions de logistiques et d&#8217;assistance dans des domaines divers tels que: le transport m\u00e9dicalis\u00e9 et para-m\u00e9dicalis\u00e9, la fourniture des Unit\u00e9s M\u00e9dicales Mobiles (UMM), la mise \u00e0 disposition du personnel m\u00e9dical comp\u00e9tent, la mise \u00e0 disposition du mat\u00e9riel m\u00e9dical, l&#8217;assistance, la formation et le conseil.<\/p>\n<p>&nbsp;<\/p>\n<div class=\"blocks-home\">\n<div class=\"line-block-index\">\n<div class=\"left-block\"><\/div>\n<div class=\"right-block right-block-index\">\n<h3><a href=\"http:\/\/calypso-service.com\/index.php\/services\/transport-medicalise\/\">Transport M\u00e9dicalis\u00e9<\/a><img loading=\"lazy\" decoding=\"async\" class=\"alignleft\" src=\"https:\/\/web.archive.org\/web\/20161012022718im_\/http:\/\/www.calypso-service.com\/img\/front\/transport-medical-tunisie.jpg\" alt=\"transport medical tunisie\" width=\"120\" height=\"94\" \/><\/h3>\n<div class=\"desc-block\">Calypso Services assure tout transport m\u00e9dicalis\u00e9 (rapatriement, \u00e9vacuation sanitaire&#8230;) sur des sites professionnels tels que les zones de prospection et de forage p\u00e9troliers, les gisements miniers et les chantiers de construction.<\/div>\n<div><\/div>\n<\/div>\n<\/div>\n<\/div>\n<div><\/div>\n<div class=\"blocks-home\">\n<div class=\"line-block-index\">\n<div class=\"right-block right-block-index\">\n<h3>Ambulances <a href=\"http:\/\/calypso-service.com\/index.php\/ambulance-ville\/\">Ville<\/a> &amp; <a href=\"http:\/\/calypso-service.com\/index.php\/ambulances-4x4\/\">4&#215;4<\/a>\u00a0<img loading=\"lazy\" decoding=\"async\" class=\"alignleft\" src=\"https:\/\/web.archive.org\/web\/20161012022718im_\/http:\/\/www.calypso-service.com\/img\/front\/ambulance-calypso-tunisie.jpg\" alt=\"ambulance 4x4 tunisie\" width=\"120\" height=\"94\" \/><\/h3>\n<div class=\"desc-block\">\n<p>Calypso Services met \u00e0 la disposition de ses clients des ambulances ville et des ambulances 4&#215;4 de secours et de soins d&#8217;urgence d\u00e9di\u00e9es au transport m\u00e9dical dans les zones urbaines et interurbaines.<\/p>\n<p>&nbsp;<\/p>\n<\/div>\n<\/div>\n<\/div>\n<div class=\"left-block\"><\/div>\n<div class=\"line-block-index\">\n<div class=\"right-block right-block-index\">\n<h3><a href=\"http:\/\/calypso-service.com\/index.php\/unite-medicale-mobile\/\">Unit\u00e9s M\u00e9dicales Mobiles<\/a><img loading=\"lazy\" decoding=\"async\" class=\"alignleft\" src=\"https:\/\/web.archive.org\/web\/20161012022718im_\/http:\/\/www.calypso-service.com\/img\/front\/unite-medical-mobile-tunisie.jpg\" alt=\"unite medical mobile tunisie\" width=\"120\" height=\"94\" \/><\/h3>\n<div class=\"desc-block\">\n<p>Les UMM de Calypso Services sont modulables selon les exigences des clients et peuvent s&#8217;adapter \u00e0 la nature et aux sp\u00e9cificit\u00e9s des sites professionnels isol\u00e9s tels que les sites de forage et de prospection.<\/p>\n<p>&nbsp;<\/p>\n<\/div>\n<\/div>\n<\/div>\n<div class=\"left-block\"><\/div>\n<div class=\"line-block-index\">\n<div class=\"right-block right-block-index\">\n<h3><a href=\"http:\/\/calypso-service.com\/index.php\/secourisme\/\">Formations<\/a> &amp; <a href=\"http:\/\/calypso-service.com\/index.php\/sante-et-securite-au-travail\/\">Conseils<\/a><img loading=\"lazy\" decoding=\"async\" class=\"alignleft\" src=\"https:\/\/web.archive.org\/web\/20161012022718im_\/http:\/\/www.calypso-service.com\/img\/front\/formation-secourisme-tunisie.jpg\" alt=\"formation secourisme tunisie\" width=\"120\" height=\"94\" \/><\/h3>\n<div class=\"desc-block\">\n<p>Calypso Services propose des formations en secourisme \u00e0 tous les niveaux, l&#8217;apprentissage par le geste, la mise en situation, les cas cliniques, les accidents \u00e0 multiple victimes et les exercices de simulations sont au programme de cette formation dispens\u00e9e par des formateurs qualifi\u00e9s et exp\u00e9riment\u00e9s.<\/p>\n<\/div>\n<\/div>\n<\/div>\n<\/div>\n","protected":false},"excerpt":{"rendered":"<p>Tout au long de l&#8217;ann\u00e9e, Calypso Services intervient pour apporter \u00e0 ses clients des solutions de logistiques et d&#8217;assistance dans des domaines divers tels que: le transport m\u00e9dicalis\u00e9 et para-m\u00e9dicalis\u00e9, la fourniture des Unit\u00e9s M\u00e9dicales Mobiles (UMM), la mise \u00e0 disposition du personnel m\u00e9dical comp\u00e9tent, la mise \u00e0 disposition du mat\u00e9riel m\u00e9dical, l&#8217;assistance, la formation&nbsp;&hellip;<\/p>\n","protected":false},"author":1,"featured_media":0,"parent":0,"menu_order":0,"comment_status":"closed","ping_status":"closed","template":"","meta":{"footnotes":""},"class_list":["post-70","page","type-page","status-publish","hentry"],"yoast_head":"<!-- This site is optimized with the Yoast SEO plugin v22.4 - https:\/\/yoast.com\/wordpress\/plugins\/seo\/ -->\n<title>Services - Calypso Services<\/title>\n<meta name=\"robots\" content=\"index, follow, max-snippet:-1, max-image-preview:large, max-video-preview:-1\" \/>\n<link rel=\"canonical\" href=\"https:\/\/calypso-service.com\/index.php\/services\/\" \/>\n<meta property=\"og:locale\" content=\"fr_FR\" \/>\n<meta property=\"og:type\" content=\"article\" \/>\n<meta property=\"og:title\" content=\"Services - Calypso Services\" \/>\n<meta property=\"og:description\" content=\"Tout au long de l&#8217;ann\u00e9e, Calypso Services intervient pour apporter \u00e0 ses clients des solutions de logistiques et d&#8217;assistance dans des domaines divers tels que: le transport m\u00e9dicalis\u00e9 et para-m\u00e9dicalis\u00e9, la fourniture des Unit\u00e9s M\u00e9dicales Mobiles (UMM), la mise \u00e0 disposition du personnel m\u00e9dical comp\u00e9tent, la mise \u00e0 disposition du mat\u00e9riel m\u00e9dical, l&#8217;assistance, la formation&nbsp;&hellip;\" \/>\n<meta property=\"og:url\" content=\"https:\/\/calypso-service.com\/index.php\/services\/\" \/>\n<meta property=\"og:site_name\" content=\"Calypso Services\" \/>\n<meta property=\"article:publisher\" content=\"https:\/\/www.facebook.com\/Calypso.Service\/\" \/>\n<meta property=\"article:modified_time\" content=\"2018-11-22T09:36:03+00:00\" \/>\n<meta property=\"og:image\" content=\"https:\/\/web.archive.org\/web\/20161012022718im_\/http:\/\/www.calypso-service.com\/img\/front\/transport-medical-tunisie.jpg\" \/>\n<meta name=\"twitter:card\" content=\"summary_large_image\" \/>\n<meta name=\"twitter:label1\" content=\"Dur\u00e9e de lecture est.\" \/>\n\t<meta name=\"twitter:data1\" content=\"1 minute\" \/>\n<script type=\"application\/ld+json\" class=\"yoast-schema-graph\">{\"@context\":\"https:\/\/schema.org\",\"@graph\":[{\"@type\":\"WebPage\",\"@id\":\"https:\/\/calypso-service.com\/index.php\/services\/\",\"url\":\"https:\/\/calypso-service.com\/index.php\/services\/\",\"name\":\"Services - Calypso Services\",\"isPartOf\":{\"@id\":\"https:\/\/calypso-service.com\/#website\"},\"primaryImageOfPage\":{\"@id\":\"https:\/\/calypso-service.com\/index.php\/services\/#primaryimage\"},\"image\":{\"@id\":\"https:\/\/calypso-service.com\/index.php\/services\/#primaryimage\"},\"thumbnailUrl\":\"https:\/\/web.archive.org\/web\/20161012022718im_\/http:\/\/www.calypso-service.com\/img\/front\/transport-medical-tunisie.jpg\",\"datePublished\":\"2018-11-16T09:08:07+00:00\",\"dateModified\":\"2018-11-22T09:36:03+00:00\",\"breadcrumb\":{\"@id\":\"https:\/\/calypso-service.com\/index.php\/services\/#breadcrumb\"},\"inLanguage\":\"fr-BE\",\"potentialAction\":[{\"@type\":\"ReadAction\",\"target\":[\"https:\/\/calypso-service.com\/index.php\/services\/\"]}]},{\"@type\":\"ImageObject\",\"inLanguage\":\"fr-BE\",\"@id\":\"https:\/\/calypso-service.com\/index.php\/services\/#primaryimage\",\"url\":\"https:\/\/web.archive.org\/web\/20161012022718im_\/http:\/\/www.calypso-service.com\/img\/front\/transport-medical-tunisie.jpg\",\"contentUrl\":\"https:\/\/web.archive.org\/web\/20161012022718im_\/http:\/\/www.calypso-service.com\/img\/front\/transport-medical-tunisie.jpg\"},{\"@type\":\"BreadcrumbList\",\"@id\":\"https:\/\/calypso-service.com\/index.php\/services\/#breadcrumb\",\"itemListElement\":[{\"@type\":\"ListItem\",\"position\":1,\"name\":\"Accueil\",\"item\":\"https:\/\/calypso-service.com\/\"},{\"@type\":\"ListItem\",\"position\":2,\"name\":\"Services\"}]},{\"@type\":\"WebSite\",\"@id\":\"https:\/\/calypso-service.com\/#website\",\"url\":\"https:\/\/calypso-service.com\/\",\"name\":\"Calypso Services\",\"description\":\"Assistance M\u00e9dicale en Tunisie\",\"publisher\":{\"@id\":\"https:\/\/calypso-service.com\/#organization\"},\"potentialAction\":[{\"@type\":\"SearchAction\",\"target\":{\"@type\":\"EntryPoint\",\"urlTemplate\":\"https:\/\/calypso-service.com\/?s={search_term_string}\"},\"query-input\":\"required name=search_term_string\"}],\"inLanguage\":\"fr-BE\"},{\"@type\":\"Organization\",\"@id\":\"https:\/\/calypso-service.com\/#organization\",\"name\":\"Calypso Services\",\"url\":\"https:\/\/calypso-service.com\/\",\"logo\":{\"@type\":\"ImageObject\",\"inLanguage\":\"fr-BE\",\"@id\":\"https:\/\/calypso-service.com\/#\/schema\/logo\/image\/\",\"url\":\"https:\/\/calypso-service.com\/wp-content\/uploads\/2018\/12\/cropped-Sans-titre-1-2.png\",\"contentUrl\":\"https:\/\/calypso-service.com\/wp-content\/uploads\/2018\/12\/cropped-Sans-titre-1-2.png\",\"width\":150,\"height\":70,\"caption\":\"Calypso Services\"},\"image\":{\"@id\":\"https:\/\/calypso-service.com\/#\/schema\/logo\/image\/\"},\"sameAs\":[\"https:\/\/www.facebook.com\/Calypso.Service\/\",\"https:\/\/www.linkedin.com\/company\/calypsoservices\"]}]}<\/script>\n<!-- \/ Yoast SEO plugin. -->","yoast_head_json":{"title":"Services - Calypso Services","robots":{"index":"index","follow":"follow","max-snippet":"max-snippet:-1","max-image-preview":"max-image-preview:large","max-video-preview":"max-video-preview:-1"},"canonical":"https:\/\/calypso-service.com\/index.php\/services\/","og_locale":"fr_FR","og_type":"article","og_title":"Services - Calypso Services","og_description":"Tout au long de l&#8217;ann\u00e9e, Calypso Services intervient pour apporter \u00e0 ses clients des solutions de logistiques et d&#8217;assistance dans des domaines divers tels que: le transport m\u00e9dicalis\u00e9 et para-m\u00e9dicalis\u00e9, la fourniture des Unit\u00e9s M\u00e9dicales Mobiles (UMM), la mise \u00e0 disposition du personnel m\u00e9dical comp\u00e9tent, la mise \u00e0 disposition du mat\u00e9riel m\u00e9dical, l&#8217;assistance, la formation&nbsp;&hellip;","og_url":"https:\/\/calypso-service.com\/index.php\/services\/","og_site_name":"Calypso Services","article_publisher":"https:\/\/www.facebook.com\/Calypso.Service\/","article_modified_time":"2018-11-22T09:36:03+00:00","og_image":[{"url":"https:\/\/web.archive.org\/web\/20161012022718im_\/http:\/\/www.calypso-service.com\/img\/front\/transport-medical-tunisie.jpg"}],"twitter_card":"summary_large_image","twitter_misc":{"Dur\u00e9e de lecture est.":"1 minute"},"schema":{"@context":"https:\/\/schema.org","@graph":[{"@type":"WebPage","@id":"https:\/\/calypso-service.com\/index.php\/services\/","url":"https:\/\/calypso-service.com\/index.php\/services\/","name":"Services - Calypso Services","isPartOf":{"@id":"https:\/\/calypso-service.com\/#website"},"primaryImageOfPage":{"@id":"https:\/\/calypso-service.com\/index.php\/services\/#primaryimage"},"image":{"@id":"https:\/\/calypso-service.com\/index.php\/services\/#primaryimage"},"thumbnailUrl":"https:\/\/web.archive.org\/web\/20161012022718im_\/http:\/\/www.calypso-service.com\/img\/front\/transport-medical-tunisie.jpg","datePublished":"2018-11-16T09:08:07+00:00","dateModified":"2018-11-22T09:36:03+00:00","breadcrumb":{"@id":"https:\/\/calypso-service.com\/index.php\/services\/#breadcrumb"},"inLanguage":"fr-BE","potentialAction":[{"@type":"ReadAction","target":["https:\/\/calypso-service.com\/index.php\/services\/"]}]},{"@type":"ImageObject","inLanguage":"fr-BE","@id":"https:\/\/calypso-service.com\/index.php\/services\/#primaryimage","url":"https:\/\/web.archive.org\/web\/20161012022718im_\/http:\/\/www.calypso-service.com\/img\/front\/transport-medical-tunisie.jpg","contentUrl":"https:\/\/web.archive.org\/web\/20161012022718im_\/http:\/\/www.calypso-service.com\/img\/front\/transport-medical-tunisie.jpg"},{"@type":"BreadcrumbList","@id":"https:\/\/calypso-service.com\/index.php\/services\/#breadcrumb","itemListElement":[{"@type":"ListItem","position":1,"name":"Accueil","item":"https:\/\/calypso-service.com\/"},{"@type":"ListItem","position":2,"name":"Services"}]},{"@type":"WebSite","@id":"https:\/\/calypso-service.com\/#website","url":"https:\/\/calypso-service.com\/","name":"Calypso Services","description":"Assistance M\u00e9dicale en Tunisie","publisher":{"@id":"https:\/\/calypso-service.com\/#organization"},"potentialAction":[{"@type":"SearchAction","target":{"@type":"EntryPoint","urlTemplate":"https:\/\/calypso-service.com\/?s={search_term_string}"},"query-input":"required name=search_term_string"}],"inLanguage":"fr-BE"},{"@type":"Organization","@id":"https:\/\/calypso-service.com\/#organization","name":"Calypso Services","url":"https:\/\/calypso-service.com\/","logo":{"@type":"ImageObject","inLanguage":"fr-BE","@id":"https:\/\/calypso-service.com\/#\/schema\/logo\/image\/","url":"https:\/\/calypso-service.com\/wp-content\/uploads\/2018\/12\/cropped-Sans-titre-1-2.png","contentUrl":"https:\/\/calypso-service.com\/wp-content\/uploads\/2018\/12\/cropped-Sans-titre-1-2.png","width":150,"height":70,"caption":"Calypso Services"},"image":{"@id":"https:\/\/calypso-service.com\/#\/schema\/logo\/image\/"},"sameAs":["https:\/\/www.facebook.com\/Calypso.Service\/","https:\/\/www.linkedin.com\/company\/calypsoservices"]}]}},"_links":{"self":[{"href":"https:\/\/calypso-service.com\/index.php\/wp-json\/wp\/v2\/pages\/70","targetHints":{"allow":["GET"]}}],"collection":[{"href":"https:\/\/calypso-service.com\/index.php\/wp-json\/wp\/v2\/pages"}],"about":[{"href":"https:\/\/calypso-service.com\/index.php\/wp-json\/wp\/v2\/types\/page"}],"author":[{"embeddable":true,"href":"https:\/\/calypso-service.com\/index.php\/wp-json\/wp\/v2\/users\/1"}],"replies":[{"embeddable":true,"href":"https:\/\/calypso-service.com\/index.php\/wp-json\/wp\/v2\/comments?post=70"}],"version-history":[{"count":6,"href":"https:\/\/calypso-service.com\/index.php\/wp-json\/wp\/v2\/pages\/70\/revisions"}],"predecessor-version":[{"id":114,"href":"https:\/\/calypso-service.com\/index.php\/wp-json\/wp\/v2\/pages\/70\/revisions\/114"}],"wp:attachment":[{"href":"https:\/\/calypso-service.com\/index.php\/wp-json\/wp\/v2\/media?parent=70"}],"curies":[{"name":"wp","href":"https:\/\/api.w.org\/{rel}","templated":true}]}}