{"id":65,"date":"2018-11-16T10:04:57","date_gmt":"2018-11-16T09:04:57","guid":{"rendered":"http:\/\/calypso-service.com\/?page_id=65"},"modified":"2018-11-16T10:04:57","modified_gmt":"2018-11-16T09:04:57","slug":"qui-sommes-nous","status":"publish","type":"page","link":"https:\/\/calypso-service.com\/index.php\/qui-sommes-nous\/","title":{"rendered":"Qui Sommes Nous"},"content":{"rendered":"<p><strong>CALYPSO SERVICES<\/strong>\u00a0accompagne chaque jour les entreprises et leurs collaborateurs dans l&#8217;ensemble des probl\u00e9matiques relatives au management de services de la sant\u00e9 et de la s\u00e9curit\u00e9 sur les lieux de travail en leur offrant des solutions adapt\u00e9es \u00e0 leurs exigences et au d\u00e9veloppement de leurs activit\u00e9s. Nous figurons parmi les entreprises d&#8217;assistance et de transport m\u00e9dicalis\u00e9 leaders en Tunisie. Notre activit\u00e9 est bas\u00e9e sur la disponibilit\u00e9, le professionnalisme et la confiance mutuelle. Depuis 2001, nous d\u00e9veloppons ces valeurs au service de nos clients et partenaires.<\/p>\n<p><strong>NOTRE EXPERIENCE :<\/strong><\/p>\n<p>Notre exp\u00e9rience dans ce domaine depuis l\u2019ann\u00e9e 2001, nous a permis de d\u00e9velopper une relation de proximit\u00e9 avec nos clients, avec pour objectif d&#8217;adapter nos offres \u00e0 leurs besoins.<br \/>\nA titre de r\u00e9f\u00e9rence, dans le domaine p\u00e9trolier, nous assurons ces services en partenariat avec des soci\u00e9t\u00e9s d\u2019assistance pour le compte des soci\u00e9t\u00e9s comme ENI, Pioneer, Anadarko, Weatherford, Pergimine, OMV, Winstar, Sodeps et dans le domaine minier nous assurons l\u2019assistance m\u00e9dicale de la cimenterie SOTACIB Kairouan filiale du groupe espagnol Cemolins.<\/p>\n<p><strong>POURQUOI NOUS CHOISIR ?<\/strong><\/p>\n<p><strong>Un savoir-faire prouv\u00e9<\/strong><br \/>\nCalypso Services a accumul\u00e9 12 ans de m\u00e9tier. Des ann\u00e9es pass\u00e9es \u00e0 moderniser son outil productif et \u00e0 satisfaire les exigences de ses clients.<\/p>\n<p><strong>Une qualit\u00e9 assur\u00e9e<\/strong><br \/>\nCalypso Services est la seule entreprise de sa branche disposant des ambulances Toyota V8 version 2011 et des cabines m\u00e9dicales mobiles certifi\u00e9e par VERITAS. Aussi, ses produits r\u00e9pondent aux Normes inh\u00e9rentes \u00e0 l\u2019assistance et au transport m\u00e9dical.<\/p>\n<p><strong>Un choix multiple<\/strong><br \/>\nCalypso Services jouit d\u2019une grande panoplie de choix d\u2019ambulances, des cabines m\u00e9dicales mobiles et du mat\u00e9riel m\u00e9dical adapt\u00e9s \u00e0 plusieurs utilisations.<\/p>\n<p><strong>Une assistance technique<\/strong><br \/>\nCalypso Services accompagne vos projets en apportant son expertise, ses conseils en mati\u00e8re d\u2019assistance \u00e0 travers ses \u00e9quipes et ses conseillers.<\/p>\n<p><strong>Une large couverture<\/strong><br \/>\nCalypso Services dispose d\u2019un grand parc d\u2019ambulance (dix ambulances) et de cabine m\u00e9dicale mobile (huit cabines). Elle dispose aussi d\u2019une base logistique \u00e0 Tataouine d\u2019une superficie de 6000 m\u00b2 et d\u2019un local dans la zone franche de Zarzis.<\/p>\n","protected":false},"excerpt":{"rendered":"<p>CALYPSO SERVICES\u00a0accompagne chaque jour les entreprises et leurs collaborateurs dans l&#8217;ensemble des probl\u00e9matiques relatives au management de services de la sant\u00e9 et de la s\u00e9curit\u00e9 sur les lieux de travail en leur offrant des solutions adapt\u00e9es \u00e0 leurs exigences et au d\u00e9veloppement de leurs activit\u00e9s. Nous figurons parmi les entreprises d&#8217;assistance et de transport m\u00e9dicalis\u00e9&nbsp;&hellip;<\/p>\n","protected":false},"author":1,"featured_media":0,"parent":0,"menu_order":0,"comment_status":"closed","ping_status":"closed","template":"","meta":{"footnotes":""},"class_list":["post-65","page","type-page","status-publish","hentry"],"yoast_head":"<!-- This site is optimized with the Yoast SEO plugin v22.4 - https:\/\/yoast.com\/wordpress\/plugins\/seo\/ -->\n<title>Qui Sommes Nous - Calypso Services<\/title>\n<meta name=\"robots\" content=\"index, follow, max-snippet:-1, max-image-preview:large, max-video-preview:-1\" \/>\n<link rel=\"canonical\" href=\"http:\/\/calypso-service.com\/index.php\/qui-sommes-nous\/\" \/>\n<meta property=\"og:locale\" content=\"fr_FR\" \/>\n<meta property=\"og:type\" content=\"article\" \/>\n<meta property=\"og:title\" content=\"Qui Sommes Nous - Calypso Services\" \/>\n<meta property=\"og:description\" content=\"CALYPSO SERVICES\u00a0accompagne chaque jour les entreprises et leurs collaborateurs dans l&#8217;ensemble des probl\u00e9matiques relatives au management de services de la sant\u00e9 et de la s\u00e9curit\u00e9 sur les lieux de travail en leur offrant des solutions adapt\u00e9es \u00e0 leurs exigences et au d\u00e9veloppement de leurs activit\u00e9s. Nous figurons parmi les entreprises d&#8217;assistance et de transport m\u00e9dicalis\u00e9&nbsp;&hellip;\" \/>\n<meta property=\"og:url\" content=\"http:\/\/calypso-service.com\/index.php\/qui-sommes-nous\/\" \/>\n<meta property=\"og:site_name\" content=\"Calypso Services\" \/>\n<meta property=\"article:publisher\" content=\"https:\/\/www.facebook.com\/Calypso.Service\/\" \/>\n<meta name=\"twitter:card\" content=\"summary_large_image\" \/>\n<meta name=\"twitter:label1\" content=\"Dur\u00e9e de lecture est.\" \/>\n\t<meta name=\"twitter:data1\" content=\"2 minutes\" \/>\n<script type=\"application\/ld+json\" class=\"yoast-schema-graph\">{\"@context\":\"https:\/\/schema.org\",\"@graph\":[{\"@type\":\"WebPage\",\"@id\":\"http:\/\/calypso-service.com\/index.php\/qui-sommes-nous\/\",\"url\":\"http:\/\/calypso-service.com\/index.php\/qui-sommes-nous\/\",\"name\":\"Qui Sommes Nous - Calypso Services\",\"isPartOf\":{\"@id\":\"https:\/\/calypso-service.com\/#website\"},\"datePublished\":\"2018-11-16T09:04:57+00:00\",\"dateModified\":\"2018-11-16T09:04:57+00:00\",\"breadcrumb\":{\"@id\":\"http:\/\/calypso-service.com\/index.php\/qui-sommes-nous\/#breadcrumb\"},\"inLanguage\":\"fr-BE\",\"potentialAction\":[{\"@type\":\"ReadAction\",\"target\":[\"http:\/\/calypso-service.com\/index.php\/qui-sommes-nous\/\"]}]},{\"@type\":\"BreadcrumbList\",\"@id\":\"http:\/\/calypso-service.com\/index.php\/qui-sommes-nous\/#breadcrumb\",\"itemListElement\":[{\"@type\":\"ListItem\",\"position\":1,\"name\":\"Accueil\",\"item\":\"https:\/\/calypso-service.com\/\"},{\"@type\":\"ListItem\",\"position\":2,\"name\":\"Qui Sommes Nous\"}]},{\"@type\":\"WebSite\",\"@id\":\"https:\/\/calypso-service.com\/#website\",\"url\":\"https:\/\/calypso-service.com\/\",\"name\":\"Calypso Services\",\"description\":\"Assistance M\u00e9dicale en Tunisie\",\"publisher\":{\"@id\":\"https:\/\/calypso-service.com\/#organization\"},\"potentialAction\":[{\"@type\":\"SearchAction\",\"target\":{\"@type\":\"EntryPoint\",\"urlTemplate\":\"https:\/\/calypso-service.com\/?s={search_term_string}\"},\"query-input\":\"required name=search_term_string\"}],\"inLanguage\":\"fr-BE\"},{\"@type\":\"Organization\",\"@id\":\"https:\/\/calypso-service.com\/#organization\",\"name\":\"Calypso Services\",\"url\":\"https:\/\/calypso-service.com\/\",\"logo\":{\"@type\":\"ImageObject\",\"inLanguage\":\"fr-BE\",\"@id\":\"https:\/\/calypso-service.com\/#\/schema\/logo\/image\/\",\"url\":\"https:\/\/calypso-service.com\/wp-content\/uploads\/2018\/12\/cropped-Sans-titre-1-2.png\",\"contentUrl\":\"https:\/\/calypso-service.com\/wp-content\/uploads\/2018\/12\/cropped-Sans-titre-1-2.png\",\"width\":150,\"height\":70,\"caption\":\"Calypso Services\"},\"image\":{\"@id\":\"https:\/\/calypso-service.com\/#\/schema\/logo\/image\/\"},\"sameAs\":[\"https:\/\/www.facebook.com\/Calypso.Service\/\",\"https:\/\/www.linkedin.com\/company\/calypsoservices\"]}]}<\/script>\n<!-- \/ Yoast SEO plugin. -->","yoast_head_json":{"title":"Qui Sommes Nous - Calypso Services","robots":{"index":"index","follow":"follow","max-snippet":"max-snippet:-1","max-image-preview":"max-image-preview:large","max-video-preview":"max-video-preview:-1"},"canonical":"http:\/\/calypso-service.com\/index.php\/qui-sommes-nous\/","og_locale":"fr_FR","og_type":"article","og_title":"Qui Sommes Nous - Calypso Services","og_description":"CALYPSO SERVICES\u00a0accompagne chaque jour les entreprises et leurs collaborateurs dans l&#8217;ensemble des probl\u00e9matiques relatives au management de services de la sant\u00e9 et de la s\u00e9curit\u00e9 sur les lieux de travail en leur offrant des solutions adapt\u00e9es \u00e0 leurs exigences et au d\u00e9veloppement de leurs activit\u00e9s. Nous figurons parmi les entreprises d&#8217;assistance et de transport m\u00e9dicalis\u00e9&nbsp;&hellip;","og_url":"http:\/\/calypso-service.com\/index.php\/qui-sommes-nous\/","og_site_name":"Calypso Services","article_publisher":"https:\/\/www.facebook.com\/Calypso.Service\/","twitter_card":"summary_large_image","twitter_misc":{"Dur\u00e9e de lecture est.":"2 minutes"},"schema":{"@context":"https:\/\/schema.org","@graph":[{"@type":"WebPage","@id":"http:\/\/calypso-service.com\/index.php\/qui-sommes-nous\/","url":"http:\/\/calypso-service.com\/index.php\/qui-sommes-nous\/","name":"Qui Sommes Nous - Calypso Services","isPartOf":{"@id":"https:\/\/calypso-service.com\/#website"},"datePublished":"2018-11-16T09:04:57+00:00","dateModified":"2018-11-16T09:04:57+00:00","breadcrumb":{"@id":"http:\/\/calypso-service.com\/index.php\/qui-sommes-nous\/#breadcrumb"},"inLanguage":"fr-BE","potentialAction":[{"@type":"ReadAction","target":["http:\/\/calypso-service.com\/index.php\/qui-sommes-nous\/"]}]},{"@type":"BreadcrumbList","@id":"http:\/\/calypso-service.com\/index.php\/qui-sommes-nous\/#breadcrumb","itemListElement":[{"@type":"ListItem","position":1,"name":"Accueil","item":"https:\/\/calypso-service.com\/"},{"@type":"ListItem","position":2,"name":"Qui Sommes Nous"}]},{"@type":"WebSite","@id":"https:\/\/calypso-service.com\/#website","url":"https:\/\/calypso-service.com\/","name":"Calypso Services","description":"Assistance M\u00e9dicale en Tunisie","publisher":{"@id":"https:\/\/calypso-service.com\/#organization"},"potentialAction":[{"@type":"SearchAction","target":{"@type":"EntryPoint","urlTemplate":"https:\/\/calypso-service.com\/?s={search_term_string}"},"query-input":"required name=search_term_string"}],"inLanguage":"fr-BE"},{"@type":"Organization","@id":"https:\/\/calypso-service.com\/#organization","name":"Calypso Services","url":"https:\/\/calypso-service.com\/","logo":{"@type":"ImageObject","inLanguage":"fr-BE","@id":"https:\/\/calypso-service.com\/#\/schema\/logo\/image\/","url":"https:\/\/calypso-service.com\/wp-content\/uploads\/2018\/12\/cropped-Sans-titre-1-2.png","contentUrl":"https:\/\/calypso-service.com\/wp-content\/uploads\/2018\/12\/cropped-Sans-titre-1-2.png","width":150,"height":70,"caption":"Calypso Services"},"image":{"@id":"https:\/\/calypso-service.com\/#\/schema\/logo\/image\/"},"sameAs":["https:\/\/www.facebook.com\/Calypso.Service\/","https:\/\/www.linkedin.com\/company\/calypsoservices"]}]}},"_links":{"self":[{"href":"https:\/\/calypso-service.com\/index.php\/wp-json\/wp\/v2\/pages\/65","targetHints":{"allow":["GET"]}}],"collection":[{"href":"https:\/\/calypso-service.com\/index.php\/wp-json\/wp\/v2\/pages"}],"about":[{"href":"https:\/\/calypso-service.com\/index.php\/wp-json\/wp\/v2\/types\/page"}],"author":[{"embeddable":true,"href":"https:\/\/calypso-service.com\/index.php\/wp-json\/wp\/v2\/users\/1"}],"replies":[{"embeddable":true,"href":"https:\/\/calypso-service.com\/index.php\/wp-json\/wp\/v2\/comments?post=65"}],"version-history":[{"count":2,"href":"https:\/\/calypso-service.com\/index.php\/wp-json\/wp\/v2\/pages\/65\/revisions"}],"predecessor-version":[{"id":67,"href":"https:\/\/calypso-service.com\/index.php\/wp-json\/wp\/v2\/pages\/65\/revisions\/67"}],"wp:attachment":[{"href":"https:\/\/calypso-service.com\/index.php\/wp-json\/wp\/v2\/media?parent=65"}],"curies":[{"name":"wp","href":"https:\/\/api.w.org\/{rel}","templated":true}]}}