{"id":39,"date":"2018-11-15T16:23:44","date_gmt":"2018-11-15T15:23:44","guid":{"rendered":"http:\/\/calypso-service.com\/?page_id=39"},"modified":"2018-11-15T16:23:54","modified_gmt":"2018-11-15T15:23:54","slug":"sante-et-securite-au-travail","status":"publish","type":"page","link":"https:\/\/calypso-service.com\/index.php\/sante-et-securite-au-travail\/","title":{"rendered":"Sant\u00e9 et S\u00e9curit\u00e9 au Travail"},"content":{"rendered":"<p><strong>Calypso Services<\/strong>\u00a0accompagne les entreprises qui ont choisi de faire de la s\u00e9curit\u00e9 du travail un investissement pour l&#8217;avenir par une ma\u00eetrise des \u00e9volutions r\u00e8glementaires et des instances repr\u00e9sentatives.<\/p>\n<p>Nous conseillons nos clients en mettant en \u00e9vidence les points forts et les points faibles de la d\u00e9marche de pr\u00e9vention des risques professionnels sur les lieux de travail.<\/p>\n<p>L&#8217;objectif des formations en sant\u00e9 et\u00a0s\u00e9curit\u00e9\u00a0au travail est de d\u00e9tecter les risques, les \u00e9valuer et les pr\u00e9venir tout en respectant les obligations que l&#8217;entreprise poss\u00e8de en mati\u00e8re de sant\u00e9, de s\u00e9curit\u00e9 et de pr\u00e9vention. Par exemple, la formation au management de la sant\u00e9 au travail permettra \u00e0 votre entreprise de poss\u00e9der une politique de sant\u00e9 compl\u00e8te et efficace.<\/p>\n<p>Calypso Services agit pour am\u00e9liorer vos conditions de travail et celles de vos salari\u00e9s.<\/p>\n<p><strong><br \/>\nObjectifs<\/strong><\/p>\n<p>Calypso Services \u00e0 pour objectif de donner des connaissances solides th\u00e9oriques et pratiques, sur la sant\u00e9 et la s\u00e9curit\u00e9 en milieu de travail \u00e0 ses clients, les rendant aptes \u00e0 diagnostiquer les risques et \u00e0 construire des plans de pr\u00e9vention, ainsi qu&#8217;\u00e0 informer les principaux int\u00e9ress\u00e9s sur les aspects pr\u00e9ventifs et indemnitaires de cette question de sant\u00e9 publique.<\/p>\n","protected":false},"excerpt":{"rendered":"<p>Calypso Services\u00a0accompagne les entreprises qui ont choisi de faire de la s\u00e9curit\u00e9 du travail un investissement pour l&#8217;avenir par une ma\u00eetrise des \u00e9volutions r\u00e8glementaires et des instances repr\u00e9sentatives. Nous conseillons nos clients en mettant en \u00e9vidence les points forts et les points faibles de la d\u00e9marche de pr\u00e9vention des risques professionnels sur les lieux de&nbsp;&hellip;<\/p>\n","protected":false},"author":1,"featured_media":0,"parent":0,"menu_order":0,"comment_status":"closed","ping_status":"closed","template":"","meta":{"footnotes":""},"class_list":["post-39","page","type-page","status-publish","hentry"],"yoast_head":"<!-- This site is optimized with the Yoast SEO plugin v22.4 - https:\/\/yoast.com\/wordpress\/plugins\/seo\/ -->\n<title>Sant\u00e9 et S\u00e9curit\u00e9 au Travail - Calypso Services<\/title>\n<meta name=\"robots\" content=\"index, follow, max-snippet:-1, max-image-preview:large, max-video-preview:-1\" \/>\n<link rel=\"canonical\" href=\"http:\/\/calypso-service.com\/index.php\/sante-et-securite-au-travail\/\" \/>\n<meta property=\"og:locale\" content=\"fr_FR\" \/>\n<meta property=\"og:type\" content=\"article\" \/>\n<meta property=\"og:title\" content=\"Sant\u00e9 et S\u00e9curit\u00e9 au Travail - Calypso Services\" \/>\n<meta property=\"og:description\" content=\"Calypso Services\u00a0accompagne les entreprises qui ont choisi de faire de la s\u00e9curit\u00e9 du travail un investissement pour l&#8217;avenir par une ma\u00eetrise des \u00e9volutions r\u00e8glementaires et des instances repr\u00e9sentatives. Nous conseillons nos clients en mettant en \u00e9vidence les points forts et les points faibles de la d\u00e9marche de pr\u00e9vention des risques professionnels sur les lieux de&nbsp;&hellip;\" \/>\n<meta property=\"og:url\" content=\"http:\/\/calypso-service.com\/index.php\/sante-et-securite-au-travail\/\" \/>\n<meta property=\"og:site_name\" content=\"Calypso Services\" \/>\n<meta property=\"article:publisher\" content=\"https:\/\/www.facebook.com\/Calypso.Service\/\" \/>\n<meta property=\"article:modified_time\" content=\"2018-11-15T15:23:54+00:00\" \/>\n<meta name=\"twitter:card\" content=\"summary_large_image\" \/>\n<meta name=\"twitter:label1\" content=\"Dur\u00e9e de lecture est.\" \/>\n\t<meta name=\"twitter:data1\" content=\"1 minute\" \/>\n<script type=\"application\/ld+json\" class=\"yoast-schema-graph\">{\"@context\":\"https:\/\/schema.org\",\"@graph\":[{\"@type\":\"WebPage\",\"@id\":\"http:\/\/calypso-service.com\/index.php\/sante-et-securite-au-travail\/\",\"url\":\"http:\/\/calypso-service.com\/index.php\/sante-et-securite-au-travail\/\",\"name\":\"Sant\u00e9 et S\u00e9curit\u00e9 au Travail - Calypso Services\",\"isPartOf\":{\"@id\":\"https:\/\/calypso-service.com\/#website\"},\"datePublished\":\"2018-11-15T15:23:44+00:00\",\"dateModified\":\"2018-11-15T15:23:54+00:00\",\"breadcrumb\":{\"@id\":\"http:\/\/calypso-service.com\/index.php\/sante-et-securite-au-travail\/#breadcrumb\"},\"inLanguage\":\"fr-BE\",\"potentialAction\":[{\"@type\":\"ReadAction\",\"target\":[\"http:\/\/calypso-service.com\/index.php\/sante-et-securite-au-travail\/\"]}]},{\"@type\":\"BreadcrumbList\",\"@id\":\"http:\/\/calypso-service.com\/index.php\/sante-et-securite-au-travail\/#breadcrumb\",\"itemListElement\":[{\"@type\":\"ListItem\",\"position\":1,\"name\":\"Accueil\",\"item\":\"https:\/\/calypso-service.com\/\"},{\"@type\":\"ListItem\",\"position\":2,\"name\":\"Sant\u00e9 et S\u00e9curit\u00e9 au Travail\"}]},{\"@type\":\"WebSite\",\"@id\":\"https:\/\/calypso-service.com\/#website\",\"url\":\"https:\/\/calypso-service.com\/\",\"name\":\"Calypso Services\",\"description\":\"Assistance M\u00e9dicale en Tunisie\",\"publisher\":{\"@id\":\"https:\/\/calypso-service.com\/#organization\"},\"potentialAction\":[{\"@type\":\"SearchAction\",\"target\":{\"@type\":\"EntryPoint\",\"urlTemplate\":\"https:\/\/calypso-service.com\/?s={search_term_string}\"},\"query-input\":\"required name=search_term_string\"}],\"inLanguage\":\"fr-BE\"},{\"@type\":\"Organization\",\"@id\":\"https:\/\/calypso-service.com\/#organization\",\"name\":\"Calypso Services\",\"url\":\"https:\/\/calypso-service.com\/\",\"logo\":{\"@type\":\"ImageObject\",\"inLanguage\":\"fr-BE\",\"@id\":\"https:\/\/calypso-service.com\/#\/schema\/logo\/image\/\",\"url\":\"https:\/\/calypso-service.com\/wp-content\/uploads\/2018\/12\/cropped-Sans-titre-1-2.png\",\"contentUrl\":\"https:\/\/calypso-service.com\/wp-content\/uploads\/2018\/12\/cropped-Sans-titre-1-2.png\",\"width\":150,\"height\":70,\"caption\":\"Calypso Services\"},\"image\":{\"@id\":\"https:\/\/calypso-service.com\/#\/schema\/logo\/image\/\"},\"sameAs\":[\"https:\/\/www.facebook.com\/Calypso.Service\/\",\"https:\/\/www.linkedin.com\/company\/calypsoservices\"]}]}<\/script>\n<!-- \/ Yoast SEO plugin. -->","yoast_head_json":{"title":"Sant\u00e9 et S\u00e9curit\u00e9 au Travail - Calypso Services","robots":{"index":"index","follow":"follow","max-snippet":"max-snippet:-1","max-image-preview":"max-image-preview:large","max-video-preview":"max-video-preview:-1"},"canonical":"http:\/\/calypso-service.com\/index.php\/sante-et-securite-au-travail\/","og_locale":"fr_FR","og_type":"article","og_title":"Sant\u00e9 et S\u00e9curit\u00e9 au Travail - Calypso Services","og_description":"Calypso Services\u00a0accompagne les entreprises qui ont choisi de faire de la s\u00e9curit\u00e9 du travail un investissement pour l&#8217;avenir par une ma\u00eetrise des \u00e9volutions r\u00e8glementaires et des instances repr\u00e9sentatives. Nous conseillons nos clients en mettant en \u00e9vidence les points forts et les points faibles de la d\u00e9marche de pr\u00e9vention des risques professionnels sur les lieux de&nbsp;&hellip;","og_url":"http:\/\/calypso-service.com\/index.php\/sante-et-securite-au-travail\/","og_site_name":"Calypso Services","article_publisher":"https:\/\/www.facebook.com\/Calypso.Service\/","article_modified_time":"2018-11-15T15:23:54+00:00","twitter_card":"summary_large_image","twitter_misc":{"Dur\u00e9e de lecture est.":"1 minute"},"schema":{"@context":"https:\/\/schema.org","@graph":[{"@type":"WebPage","@id":"http:\/\/calypso-service.com\/index.php\/sante-et-securite-au-travail\/","url":"http:\/\/calypso-service.com\/index.php\/sante-et-securite-au-travail\/","name":"Sant\u00e9 et S\u00e9curit\u00e9 au Travail - Calypso Services","isPartOf":{"@id":"https:\/\/calypso-service.com\/#website"},"datePublished":"2018-11-15T15:23:44+00:00","dateModified":"2018-11-15T15:23:54+00:00","breadcrumb":{"@id":"http:\/\/calypso-service.com\/index.php\/sante-et-securite-au-travail\/#breadcrumb"},"inLanguage":"fr-BE","potentialAction":[{"@type":"ReadAction","target":["http:\/\/calypso-service.com\/index.php\/sante-et-securite-au-travail\/"]}]},{"@type":"BreadcrumbList","@id":"http:\/\/calypso-service.com\/index.php\/sante-et-securite-au-travail\/#breadcrumb","itemListElement":[{"@type":"ListItem","position":1,"name":"Accueil","item":"https:\/\/calypso-service.com\/"},{"@type":"ListItem","position":2,"name":"Sant\u00e9 et S\u00e9curit\u00e9 au Travail"}]},{"@type":"WebSite","@id":"https:\/\/calypso-service.com\/#website","url":"https:\/\/calypso-service.com\/","name":"Calypso Services","description":"Assistance M\u00e9dicale en Tunisie","publisher":{"@id":"https:\/\/calypso-service.com\/#organization"},"potentialAction":[{"@type":"SearchAction","target":{"@type":"EntryPoint","urlTemplate":"https:\/\/calypso-service.com\/?s={search_term_string}"},"query-input":"required name=search_term_string"}],"inLanguage":"fr-BE"},{"@type":"Organization","@id":"https:\/\/calypso-service.com\/#organization","name":"Calypso Services","url":"https:\/\/calypso-service.com\/","logo":{"@type":"ImageObject","inLanguage":"fr-BE","@id":"https:\/\/calypso-service.com\/#\/schema\/logo\/image\/","url":"https:\/\/calypso-service.com\/wp-content\/uploads\/2018\/12\/cropped-Sans-titre-1-2.png","contentUrl":"https:\/\/calypso-service.com\/wp-content\/uploads\/2018\/12\/cropped-Sans-titre-1-2.png","width":150,"height":70,"caption":"Calypso Services"},"image":{"@id":"https:\/\/calypso-service.com\/#\/schema\/logo\/image\/"},"sameAs":["https:\/\/www.facebook.com\/Calypso.Service\/","https:\/\/www.linkedin.com\/company\/calypsoservices"]}]}},"_links":{"self":[{"href":"https:\/\/calypso-service.com\/index.php\/wp-json\/wp\/v2\/pages\/39","targetHints":{"allow":["GET"]}}],"collection":[{"href":"https:\/\/calypso-service.com\/index.php\/wp-json\/wp\/v2\/pages"}],"about":[{"href":"https:\/\/calypso-service.com\/index.php\/wp-json\/wp\/v2\/types\/page"}],"author":[{"embeddable":true,"href":"https:\/\/calypso-service.com\/index.php\/wp-json\/wp\/v2\/users\/1"}],"replies":[{"embeddable":true,"href":"https:\/\/calypso-service.com\/index.php\/wp-json\/wp\/v2\/comments?post=39"}],"version-history":[{"count":2,"href":"https:\/\/calypso-service.com\/index.php\/wp-json\/wp\/v2\/pages\/39\/revisions"}],"predecessor-version":[{"id":41,"href":"https:\/\/calypso-service.com\/index.php\/wp-json\/wp\/v2\/pages\/39\/revisions\/41"}],"wp:attachment":[{"href":"https:\/\/calypso-service.com\/index.php\/wp-json\/wp\/v2\/media?parent=39"}],"curies":[{"name":"wp","href":"https:\/\/api.w.org\/{rel}","templated":true}]}}