{"id":37,"date":"2018-11-15T16:23:12","date_gmt":"2018-11-15T15:23:12","guid":{"rendered":"http:\/\/calypso-service.com\/?page_id=37"},"modified":"2018-11-23T11:36:23","modified_gmt":"2018-11-23T10:36:23","slug":"secourisme","status":"publish","type":"page","link":"https:\/\/calypso-service.com\/index.php\/secourisme\/","title":{"rendered":"Secourisme"},"content":{"rendered":"<p>Porter secours \u00e0 une personne en difficult\u00e9 est un devoir moral, mais \u00e9galement un devoir l\u00e9gal. C&#8217;est pourquoi\u00a0<strong>Calypso Services\u00a0<\/strong>met \u00e0 votre disposition ses comp\u00e9tences dans le domaine de secourisme, et propose des formations \u00e0 tous les niveaux. L&#8217;apprentissage par le geste, la mise en situation, les cas cliniques, les accidents \u00e0 multiple victimes et les exercices de simulations sont au programme de cette formation dispens\u00e9e par des formateurs qualifi\u00e9s et exp\u00e9riment\u00e9s.<\/p>\n<p>Les formations au secourisme permettent \u00e0 tout citoyen, jeune ou adulte, d&#8217;acqu\u00e9rir les bons r\u00e9flexes pour agir vite et bien aupr\u00e8s d&#8217;une victime.<\/p>\n<p>Les m\u00e9thodes et les moyens p\u00e9dagogiques sont bas\u00e9s sur des mises en situations r\u00e9elles afin de faciliter l&#8217;apprentissage et l&#8217;int\u00e9gration des stagiaires.<\/p>\n<div class=\"left-top-content\">\n<div class=\"bid-pic-gal\">\n<div id=\"bid-pic-gal-31\"><img loading=\"lazy\" decoding=\"async\" src=\"https:\/\/web.archive.org\/web\/20151203083819im_\/http:\/\/www.calypso-service.com:80\/img\/pictures_contents\/formation-secourisme-tunisie-2.jpg\" alt=\"\" width=\"451\" height=\"295\" border=\"0\" \/><\/div>\n<\/div>\n<div class=\"nav-picture-gal\">\n<div class=\"pichotel-thumb\"><img loading=\"lazy\" decoding=\"async\" class=\"alignnone\" src=\"https:\/\/web.archive.org\/web\/20151203083819im_\/http:\/\/www.calypso-service.com:80\/img\/pictures_contents\/thumb\/formation-secourisme-tunisie-2_thumb.jpg\" alt=\"\" width=\"85\" height=\"65\" border=\"0\" \/><img loading=\"lazy\" decoding=\"async\" class=\"alignnone\" src=\"https:\/\/web.archive.org\/web\/20151203083819im_\/http:\/\/www.calypso-service.com:80\/img\/pictures_contents\/thumb\/formation-secourisme-tunisie-3_thumb.jpg\" alt=\"\" width=\"85\" height=\"65\" border=\"0\" \/><img loading=\"lazy\" decoding=\"async\" class=\"alignnone\" src=\"https:\/\/web.archive.org\/web\/20151203083819im_\/http:\/\/www.calypso-service.com:80\/img\/pictures_contents\/thumb\/formation-secourisme-tunisie-6-1_thumb.jpg\" alt=\"\" width=\"85\" height=\"65\" border=\"0\" \/><img loading=\"lazy\" decoding=\"async\" class=\"alignnone\" src=\"https:\/\/web.archive.org\/web\/20151203083819im_\/http:\/\/www.calypso-service.com:80\/img\/pictures_contents\/thumb\/formation-secourisme-tunisie-7-1_thumb.jpg\" alt=\"\" width=\"85\" height=\"65\" border=\"0\" \/><img loading=\"lazy\" decoding=\"async\" class=\"alignnone\" src=\"https:\/\/web.archive.org\/web\/20151203083819im_\/http:\/\/www.calypso-service.com:80\/img\/pictures_contents\/thumb\/formation-secourisme-tunisie-9-1_thumb.jpg\" alt=\"\" width=\"85\" height=\"65\" border=\"0\" \/><\/div>\n<div class=\"pichotel-thumb\"><\/div>\n<div class=\"pichotel-thumb\"><a id=\"pictcontentthumb-33\" title=\"secourisme tunisie\" href=\"https:\/\/web.archive.org\/web\/20151203083819\/http:\/\/www.calypso-service.com:80\/fre\/contents\/view\/secourisme-5.html#\"><img loading=\"lazy\" decoding=\"async\" src=\"https:\/\/web.archive.org\/web\/20151203083819im_\/http:\/\/www.calypso-service.com:80\/img\/pictures_contents\/thumb\/formation-secourisme-tunisie-4_thumb.jpg\" alt=\"\" width=\"85\" height=\"65\" border=\"0\" \/><\/a><\/div>\n<div class=\"pichotel-thumb\"><a id=\"pictcontentthumb-34\" title=\"formation secourisme calypso services\" href=\"https:\/\/web.archive.org\/web\/20151203083819\/http:\/\/www.calypso-service.com:80\/fre\/contents\/view\/secourisme-5.html#\"><img loading=\"lazy\" decoding=\"async\" src=\"https:\/\/web.archive.org\/web\/20151203083819im_\/http:\/\/www.calypso-service.com:80\/img\/pictures_contents\/thumb\/formation-secourisme-tunisie-5_thumb.jpg\" alt=\"\" width=\"85\" height=\"65\" border=\"0\" \/><\/a><\/div>\n<div class=\"pichotel-thumb\"><a id=\"pictcontentthumb-35\" title=\"formation tunisie\" href=\"https:\/\/web.archive.org\/web\/20151203083819\/http:\/\/www.calypso-service.com:80\/fre\/contents\/view\/secourisme-5.html#\"><img loading=\"lazy\" decoding=\"async\" src=\"https:\/\/web.archive.org\/web\/20151203083819im_\/http:\/\/www.calypso-service.com:80\/img\/pictures_contents\/thumb\/formation-secourisme-tunisie_thumb.jpg\" alt=\"\" width=\"85\" height=\"65\" border=\"0\" \/><\/a><\/div>\n<div class=\"pichotel-thumb\"><\/div>\n<div class=\"pichotel-thumb\"><\/div>\n<div class=\"pichotel-thumb\"><\/div>\n<div class=\"pichotel-thumb\"><\/div>\n<div class=\"pichotel-thumb\"><\/div>\n<\/div>\n<\/div>\n","protected":false},"excerpt":{"rendered":"<p>Porter secours \u00e0 une personne en difficult\u00e9 est un devoir moral, mais \u00e9galement un devoir l\u00e9gal. C&#8217;est pourquoi\u00a0Calypso Services\u00a0met \u00e0 votre disposition ses comp\u00e9tences dans le domaine de secourisme, et propose des formations \u00e0 tous les niveaux. L&#8217;apprentissage par le geste, la mise en situation, les cas cliniques, les accidents \u00e0 multiple victimes et les&nbsp;&hellip;<\/p>\n","protected":false},"author":1,"featured_media":0,"parent":0,"menu_order":0,"comment_status":"closed","ping_status":"closed","template":"","meta":{"footnotes":""},"class_list":["post-37","page","type-page","status-publish","hentry"],"yoast_head":"<!-- This site is optimized with the Yoast SEO plugin v22.4 - https:\/\/yoast.com\/wordpress\/plugins\/seo\/ -->\n<title>Secourisme - Calypso Services<\/title>\n<meta name=\"robots\" content=\"index, follow, max-snippet:-1, max-image-preview:large, max-video-preview:-1\" \/>\n<link rel=\"canonical\" href=\"http:\/\/calypso-service.com\/index.php\/secourisme\/\" \/>\n<meta property=\"og:locale\" content=\"fr_FR\" \/>\n<meta property=\"og:type\" content=\"article\" \/>\n<meta property=\"og:title\" content=\"Secourisme - Calypso Services\" \/>\n<meta property=\"og:description\" content=\"Porter secours \u00e0 une personne en difficult\u00e9 est un devoir moral, mais \u00e9galement un devoir l\u00e9gal. C&#8217;est pourquoi\u00a0Calypso Services\u00a0met \u00e0 votre disposition ses comp\u00e9tences dans le domaine de secourisme, et propose des formations \u00e0 tous les niveaux. L&#8217;apprentissage par le geste, la mise en situation, les cas cliniques, les accidents \u00e0 multiple victimes et les&nbsp;&hellip;\" \/>\n<meta property=\"og:url\" content=\"http:\/\/calypso-service.com\/index.php\/secourisme\/\" \/>\n<meta property=\"og:site_name\" content=\"Calypso Services\" \/>\n<meta property=\"article:publisher\" content=\"https:\/\/www.facebook.com\/Calypso.Service\/\" \/>\n<meta property=\"article:modified_time\" content=\"2018-11-23T10:36:23+00:00\" \/>\n<meta property=\"og:image\" content=\"https:\/\/web.archive.org\/web\/20151203083819im_\/http:\/\/www.calypso-service.com:80\/img\/pictures_contents\/formation-secourisme-tunisie-2.jpg\" \/>\n<meta name=\"twitter:card\" content=\"summary_large_image\" \/>\n<meta name=\"twitter:label1\" content=\"Dur\u00e9e de lecture est.\" \/>\n\t<meta name=\"twitter:data1\" content=\"1 minute\" \/>\n<script type=\"application\/ld+json\" class=\"yoast-schema-graph\">{\"@context\":\"https:\/\/schema.org\",\"@graph\":[{\"@type\":\"WebPage\",\"@id\":\"http:\/\/calypso-service.com\/index.php\/secourisme\/\",\"url\":\"http:\/\/calypso-service.com\/index.php\/secourisme\/\",\"name\":\"Secourisme - Calypso Services\",\"isPartOf\":{\"@id\":\"https:\/\/calypso-service.com\/#website\"},\"primaryImageOfPage\":{\"@id\":\"http:\/\/calypso-service.com\/index.php\/secourisme\/#primaryimage\"},\"image\":{\"@id\":\"http:\/\/calypso-service.com\/index.php\/secourisme\/#primaryimage\"},\"thumbnailUrl\":\"https:\/\/web.archive.org\/web\/20151203083819im_\/http:\/\/www.calypso-service.com:80\/img\/pictures_contents\/formation-secourisme-tunisie-2.jpg\",\"datePublished\":\"2018-11-15T15:23:12+00:00\",\"dateModified\":\"2018-11-23T10:36:23+00:00\",\"breadcrumb\":{\"@id\":\"http:\/\/calypso-service.com\/index.php\/secourisme\/#breadcrumb\"},\"inLanguage\":\"fr-BE\",\"potentialAction\":[{\"@type\":\"ReadAction\",\"target\":[\"http:\/\/calypso-service.com\/index.php\/secourisme\/\"]}]},{\"@type\":\"ImageObject\",\"inLanguage\":\"fr-BE\",\"@id\":\"http:\/\/calypso-service.com\/index.php\/secourisme\/#primaryimage\",\"url\":\"https:\/\/web.archive.org\/web\/20151203083819im_\/http:\/\/www.calypso-service.com:80\/img\/pictures_contents\/formation-secourisme-tunisie-2.jpg\",\"contentUrl\":\"https:\/\/web.archive.org\/web\/20151203083819im_\/http:\/\/www.calypso-service.com:80\/img\/pictures_contents\/formation-secourisme-tunisie-2.jpg\"},{\"@type\":\"BreadcrumbList\",\"@id\":\"http:\/\/calypso-service.com\/index.php\/secourisme\/#breadcrumb\",\"itemListElement\":[{\"@type\":\"ListItem\",\"position\":1,\"name\":\"Accueil\",\"item\":\"https:\/\/calypso-service.com\/\"},{\"@type\":\"ListItem\",\"position\":2,\"name\":\"Secourisme\"}]},{\"@type\":\"WebSite\",\"@id\":\"https:\/\/calypso-service.com\/#website\",\"url\":\"https:\/\/calypso-service.com\/\",\"name\":\"Calypso Services\",\"description\":\"Assistance M\u00e9dicale en Tunisie\",\"publisher\":{\"@id\":\"https:\/\/calypso-service.com\/#organization\"},\"potentialAction\":[{\"@type\":\"SearchAction\",\"target\":{\"@type\":\"EntryPoint\",\"urlTemplate\":\"https:\/\/calypso-service.com\/?s={search_term_string}\"},\"query-input\":\"required name=search_term_string\"}],\"inLanguage\":\"fr-BE\"},{\"@type\":\"Organization\",\"@id\":\"https:\/\/calypso-service.com\/#organization\",\"name\":\"Calypso Services\",\"url\":\"https:\/\/calypso-service.com\/\",\"logo\":{\"@type\":\"ImageObject\",\"inLanguage\":\"fr-BE\",\"@id\":\"https:\/\/calypso-service.com\/#\/schema\/logo\/image\/\",\"url\":\"https:\/\/calypso-service.com\/wp-content\/uploads\/2018\/12\/cropped-Sans-titre-1-2.png\",\"contentUrl\":\"https:\/\/calypso-service.com\/wp-content\/uploads\/2018\/12\/cropped-Sans-titre-1-2.png\",\"width\":150,\"height\":70,\"caption\":\"Calypso Services\"},\"image\":{\"@id\":\"https:\/\/calypso-service.com\/#\/schema\/logo\/image\/\"},\"sameAs\":[\"https:\/\/www.facebook.com\/Calypso.Service\/\",\"https:\/\/www.linkedin.com\/company\/calypsoservices\"]}]}<\/script>\n<!-- \/ Yoast SEO plugin. -->","yoast_head_json":{"title":"Secourisme - Calypso Services","robots":{"index":"index","follow":"follow","max-snippet":"max-snippet:-1","max-image-preview":"max-image-preview:large","max-video-preview":"max-video-preview:-1"},"canonical":"http:\/\/calypso-service.com\/index.php\/secourisme\/","og_locale":"fr_FR","og_type":"article","og_title":"Secourisme - Calypso Services","og_description":"Porter secours \u00e0 une personne en difficult\u00e9 est un devoir moral, mais \u00e9galement un devoir l\u00e9gal. C&#8217;est pourquoi\u00a0Calypso Services\u00a0met \u00e0 votre disposition ses comp\u00e9tences dans le domaine de secourisme, et propose des formations \u00e0 tous les niveaux. L&#8217;apprentissage par le geste, la mise en situation, les cas cliniques, les accidents \u00e0 multiple victimes et les&nbsp;&hellip;","og_url":"http:\/\/calypso-service.com\/index.php\/secourisme\/","og_site_name":"Calypso Services","article_publisher":"https:\/\/www.facebook.com\/Calypso.Service\/","article_modified_time":"2018-11-23T10:36:23+00:00","og_image":[{"url":"https:\/\/web.archive.org\/web\/20151203083819im_\/http:\/\/www.calypso-service.com:80\/img\/pictures_contents\/formation-secourisme-tunisie-2.jpg"}],"twitter_card":"summary_large_image","twitter_misc":{"Dur\u00e9e de lecture est.":"1 minute"},"schema":{"@context":"https:\/\/schema.org","@graph":[{"@type":"WebPage","@id":"http:\/\/calypso-service.com\/index.php\/secourisme\/","url":"http:\/\/calypso-service.com\/index.php\/secourisme\/","name":"Secourisme - Calypso Services","isPartOf":{"@id":"https:\/\/calypso-service.com\/#website"},"primaryImageOfPage":{"@id":"http:\/\/calypso-service.com\/index.php\/secourisme\/#primaryimage"},"image":{"@id":"http:\/\/calypso-service.com\/index.php\/secourisme\/#primaryimage"},"thumbnailUrl":"https:\/\/web.archive.org\/web\/20151203083819im_\/http:\/\/www.calypso-service.com:80\/img\/pictures_contents\/formation-secourisme-tunisie-2.jpg","datePublished":"2018-11-15T15:23:12+00:00","dateModified":"2018-11-23T10:36:23+00:00","breadcrumb":{"@id":"http:\/\/calypso-service.com\/index.php\/secourisme\/#breadcrumb"},"inLanguage":"fr-BE","potentialAction":[{"@type":"ReadAction","target":["http:\/\/calypso-service.com\/index.php\/secourisme\/"]}]},{"@type":"ImageObject","inLanguage":"fr-BE","@id":"http:\/\/calypso-service.com\/index.php\/secourisme\/#primaryimage","url":"https:\/\/web.archive.org\/web\/20151203083819im_\/http:\/\/www.calypso-service.com:80\/img\/pictures_contents\/formation-secourisme-tunisie-2.jpg","contentUrl":"https:\/\/web.archive.org\/web\/20151203083819im_\/http:\/\/www.calypso-service.com:80\/img\/pictures_contents\/formation-secourisme-tunisie-2.jpg"},{"@type":"BreadcrumbList","@id":"http:\/\/calypso-service.com\/index.php\/secourisme\/#breadcrumb","itemListElement":[{"@type":"ListItem","position":1,"name":"Accueil","item":"https:\/\/calypso-service.com\/"},{"@type":"ListItem","position":2,"name":"Secourisme"}]},{"@type":"WebSite","@id":"https:\/\/calypso-service.com\/#website","url":"https:\/\/calypso-service.com\/","name":"Calypso Services","description":"Assistance M\u00e9dicale en Tunisie","publisher":{"@id":"https:\/\/calypso-service.com\/#organization"},"potentialAction":[{"@type":"SearchAction","target":{"@type":"EntryPoint","urlTemplate":"https:\/\/calypso-service.com\/?s={search_term_string}"},"query-input":"required name=search_term_string"}],"inLanguage":"fr-BE"},{"@type":"Organization","@id":"https:\/\/calypso-service.com\/#organization","name":"Calypso Services","url":"https:\/\/calypso-service.com\/","logo":{"@type":"ImageObject","inLanguage":"fr-BE","@id":"https:\/\/calypso-service.com\/#\/schema\/logo\/image\/","url":"https:\/\/calypso-service.com\/wp-content\/uploads\/2018\/12\/cropped-Sans-titre-1-2.png","contentUrl":"https:\/\/calypso-service.com\/wp-content\/uploads\/2018\/12\/cropped-Sans-titre-1-2.png","width":150,"height":70,"caption":"Calypso Services"},"image":{"@id":"https:\/\/calypso-service.com\/#\/schema\/logo\/image\/"},"sameAs":["https:\/\/www.facebook.com\/Calypso.Service\/","https:\/\/www.linkedin.com\/company\/calypsoservices"]}]}},"_links":{"self":[{"href":"https:\/\/calypso-service.com\/index.php\/wp-json\/wp\/v2\/pages\/37","targetHints":{"allow":["GET"]}}],"collection":[{"href":"https:\/\/calypso-service.com\/index.php\/wp-json\/wp\/v2\/pages"}],"about":[{"href":"https:\/\/calypso-service.com\/index.php\/wp-json\/wp\/v2\/types\/page"}],"author":[{"embeddable":true,"href":"https:\/\/calypso-service.com\/index.php\/wp-json\/wp\/v2\/users\/1"}],"replies":[{"embeddable":true,"href":"https:\/\/calypso-service.com\/index.php\/wp-json\/wp\/v2\/comments?post=37"}],"version-history":[{"count":4,"href":"https:\/\/calypso-service.com\/index.php\/wp-json\/wp\/v2\/pages\/37\/revisions"}],"predecessor-version":[{"id":120,"href":"https:\/\/calypso-service.com\/index.php\/wp-json\/wp\/v2\/pages\/37\/revisions\/120"}],"wp:attachment":[{"href":"https:\/\/calypso-service.com\/index.php\/wp-json\/wp\/v2\/media?parent=37"}],"curies":[{"name":"wp","href":"https:\/\/api.w.org\/{rel}","templated":true}]}}