{"id":35,"date":"2018-11-15T16:22:40","date_gmt":"2018-11-15T15:22:40","guid":{"rendered":"http:\/\/calypso-service.com\/?page_id=35"},"modified":"2018-11-23T11:34:09","modified_gmt":"2018-11-23T10:34:09","slug":"materiel-medical","status":"publish","type":"page","link":"https:\/\/calypso-service.com\/index.php\/materiel-medical\/","title":{"rendered":"Mat\u00e9riel M\u00e9dical"},"content":{"rendered":"<p>La mise \u00e0 disposition de mat\u00e9riel m\u00e9dical est une solution qui permet d&#8217;\u00e9quiper un site professionnel et d&#8217;assurer en pr\u00e9sence du m\u00e9decin du site les premiers secours, de pratiquer des consultations et des soins, de prendre en charge dans le cadre de l\u2019urgence un malade ou un bless\u00e9 en attendant leur \u00e9vacuation en cas de n\u00e9cessit\u00e9.<\/p>\n<p><strong>Calypso Services<\/strong>\u00a0met \u00e0 la disposition de sa client\u00e8le un mat\u00e9riel m\u00e9dical de premier secours, de r\u00e9animation et de respiration, n\u00e9cessaire pour agir efficacement dans les situations d\u2019urgence. \u00a0Notre mat\u00e9riel m\u00e9dical est en excellent \u00e9tat, r\u00e9pondant aux normes les plus exigeantes en mati\u00e8re de s\u00e9curit\u00e9, et con\u00e7u par des fabricants reconnus dans le domaine m\u00e9dical tels que\u00a0<em><strong>Philips, Weinmann, Spengler, Laerdal, Osiris, Phoenix, Nellcor<\/strong><\/em>\u2026.<\/p>\n<p>Apr\u00e8s chaque location, le mat\u00e9riel fait l&#8217;objet d&#8217;une attention toute particuli\u00e8re: v\u00e9rification technique, d\u00e9sinfection, emballage, stockage&#8230;<\/p>\n<div class=\"left-top-content\">\n<div class=\"bid-pic-gal\">\n<div id=\"bid-pic-gal-26\"><img loading=\"lazy\" decoding=\"async\" src=\"https:\/\/web.archive.org\/web\/20151203120633im_\/http:\/\/www.calypso-service.com:80\/img\/pictures_contents\/materiel-medical-calypso-tunisie-2.jpg\" alt=\"\" width=\"451\" height=\"295\" border=\"0\" \/><\/div>\n<\/div>\n<div class=\"nav-picture-gal\">\n<div class=\"pichotel-thumb\"><a id=\"pictcontentthumb-26\" title=\"materiel medical calypso tunisie\" href=\"https:\/\/web.archive.org\/web\/20151203120633\/http:\/\/www.calypso-service.com:80\/fre\/contents\/view\/materielmedical-8.html#\"><img loading=\"lazy\" decoding=\"async\" src=\"https:\/\/web.archive.org\/web\/20151203120633im_\/http:\/\/www.calypso-service.com:80\/img\/pictures_contents\/thumb\/materiel-medical-calypso-tunisie-2_thumb.jpg\" alt=\"\" width=\"85\" height=\"65\" border=\"0\" \/><\/a><\/div>\n<div class=\"pichotel-thumb\"><img loading=\"lazy\" decoding=\"async\" class=\"alignnone\" src=\"https:\/\/web.archive.org\/web\/20151203120633im_\/http:\/\/www.calypso-service.com:80\/img\/pictures_contents\/thumb\/materiel-medical-calypso-tunisie-3_thumb.jpg\" alt=\"\" width=\"85\" height=\"65\" border=\"0\" \/><img loading=\"lazy\" decoding=\"async\" class=\"alignnone\" src=\"https:\/\/web.archive.org\/web\/20151203120633im_\/http:\/\/www.calypso-service.com:80\/img\/pictures_contents\/thumb\/materiel-medical-calypso-tunisie-5_thumb.jpg\" alt=\"\" width=\"85\" height=\"65\" border=\"0\" \/><img loading=\"lazy\" decoding=\"async\" class=\"alignnone\" src=\"https:\/\/web.archive.org\/web\/20151203120633im_\/http:\/\/www.calypso-service.com:80\/img\/pictures_contents\/thumb\/materiel-medical-calypso-tunisie-4-2_thumb.jpg\" alt=\"\" width=\"85\" height=\"65\" border=\"0\" \/><img loading=\"lazy\" decoding=\"async\" class=\"alignnone\" src=\"https:\/\/web.archive.org\/web\/20151203120633im_\/http:\/\/www.calypso-service.com:80\/img\/pictures_contents\/thumb\/materiel-medical-calypso-tunisie_thumb.jpg\" alt=\"\" width=\"85\" height=\"65\" border=\"0\" \/><\/div>\n<div class=\"pichotel-thumb\"><\/div>\n<div class=\"pichotel-thumb\"><\/div>\n<div class=\"pichotel-thumb\"><\/div>\n<\/div>\n<\/div>\n","protected":false},"excerpt":{"rendered":"<p>La mise \u00e0 disposition de mat\u00e9riel m\u00e9dical est une solution qui permet d&#8217;\u00e9quiper un site professionnel et d&#8217;assurer en pr\u00e9sence du m\u00e9decin du site les premiers secours, de pratiquer des consultations et des soins, de prendre en charge dans le cadre de l\u2019urgence un malade ou un bless\u00e9 en attendant leur \u00e9vacuation en cas de&nbsp;&hellip;<\/p>\n","protected":false},"author":1,"featured_media":0,"parent":0,"menu_order":0,"comment_status":"closed","ping_status":"closed","template":"","meta":{"footnotes":""},"class_list":["post-35","page","type-page","status-publish","hentry"],"yoast_head":"<!-- This site is optimized with the Yoast SEO plugin v22.4 - https:\/\/yoast.com\/wordpress\/plugins\/seo\/ -->\n<title>Mat\u00e9riel M\u00e9dical - Calypso Services<\/title>\n<meta name=\"robots\" content=\"index, follow, max-snippet:-1, max-image-preview:large, max-video-preview:-1\" \/>\n<link rel=\"canonical\" href=\"http:\/\/calypso-service.com\/index.php\/materiel-medical\/\" \/>\n<meta property=\"og:locale\" content=\"fr_FR\" \/>\n<meta property=\"og:type\" content=\"article\" \/>\n<meta property=\"og:title\" content=\"Mat\u00e9riel M\u00e9dical - Calypso Services\" \/>\n<meta property=\"og:description\" content=\"La mise \u00e0 disposition de mat\u00e9riel m\u00e9dical est une solution qui permet d&#8217;\u00e9quiper un site professionnel et d&#8217;assurer en pr\u00e9sence du m\u00e9decin du site les premiers secours, de pratiquer des consultations et des soins, de prendre en charge dans le cadre de l\u2019urgence un malade ou un bless\u00e9 en attendant leur \u00e9vacuation en cas de&nbsp;&hellip;\" \/>\n<meta property=\"og:url\" content=\"http:\/\/calypso-service.com\/index.php\/materiel-medical\/\" \/>\n<meta property=\"og:site_name\" content=\"Calypso Services\" \/>\n<meta property=\"article:publisher\" content=\"https:\/\/www.facebook.com\/Calypso.Service\/\" \/>\n<meta property=\"article:modified_time\" content=\"2018-11-23T10:34:09+00:00\" \/>\n<meta property=\"og:image\" content=\"https:\/\/web.archive.org\/web\/20151203120633im_\/http:\/\/www.calypso-service.com:80\/img\/pictures_contents\/materiel-medical-calypso-tunisie-2.jpg\" \/>\n<meta name=\"twitter:card\" content=\"summary_large_image\" \/>\n<meta name=\"twitter:label1\" content=\"Dur\u00e9e de lecture est.\" \/>\n\t<meta name=\"twitter:data1\" content=\"1 minute\" \/>\n<script type=\"application\/ld+json\" class=\"yoast-schema-graph\">{\"@context\":\"https:\/\/schema.org\",\"@graph\":[{\"@type\":\"WebPage\",\"@id\":\"http:\/\/calypso-service.com\/index.php\/materiel-medical\/\",\"url\":\"http:\/\/calypso-service.com\/index.php\/materiel-medical\/\",\"name\":\"Mat\u00e9riel M\u00e9dical - Calypso Services\",\"isPartOf\":{\"@id\":\"https:\/\/calypso-service.com\/#website\"},\"primaryImageOfPage\":{\"@id\":\"http:\/\/calypso-service.com\/index.php\/materiel-medical\/#primaryimage\"},\"image\":{\"@id\":\"http:\/\/calypso-service.com\/index.php\/materiel-medical\/#primaryimage\"},\"thumbnailUrl\":\"https:\/\/web.archive.org\/web\/20151203120633im_\/http:\/\/www.calypso-service.com:80\/img\/pictures_contents\/materiel-medical-calypso-tunisie-2.jpg\",\"datePublished\":\"2018-11-15T15:22:40+00:00\",\"dateModified\":\"2018-11-23T10:34:09+00:00\",\"breadcrumb\":{\"@id\":\"http:\/\/calypso-service.com\/index.php\/materiel-medical\/#breadcrumb\"},\"inLanguage\":\"fr-BE\",\"potentialAction\":[{\"@type\":\"ReadAction\",\"target\":[\"http:\/\/calypso-service.com\/index.php\/materiel-medical\/\"]}]},{\"@type\":\"ImageObject\",\"inLanguage\":\"fr-BE\",\"@id\":\"http:\/\/calypso-service.com\/index.php\/materiel-medical\/#primaryimage\",\"url\":\"https:\/\/web.archive.org\/web\/20151203120633im_\/http:\/\/www.calypso-service.com:80\/img\/pictures_contents\/materiel-medical-calypso-tunisie-2.jpg\",\"contentUrl\":\"https:\/\/web.archive.org\/web\/20151203120633im_\/http:\/\/www.calypso-service.com:80\/img\/pictures_contents\/materiel-medical-calypso-tunisie-2.jpg\"},{\"@type\":\"BreadcrumbList\",\"@id\":\"http:\/\/calypso-service.com\/index.php\/materiel-medical\/#breadcrumb\",\"itemListElement\":[{\"@type\":\"ListItem\",\"position\":1,\"name\":\"Accueil\",\"item\":\"https:\/\/calypso-service.com\/\"},{\"@type\":\"ListItem\",\"position\":2,\"name\":\"Mat\u00e9riel M\u00e9dical\"}]},{\"@type\":\"WebSite\",\"@id\":\"https:\/\/calypso-service.com\/#website\",\"url\":\"https:\/\/calypso-service.com\/\",\"name\":\"Calypso Services\",\"description\":\"Assistance M\u00e9dicale en Tunisie\",\"publisher\":{\"@id\":\"https:\/\/calypso-service.com\/#organization\"},\"potentialAction\":[{\"@type\":\"SearchAction\",\"target\":{\"@type\":\"EntryPoint\",\"urlTemplate\":\"https:\/\/calypso-service.com\/?s={search_term_string}\"},\"query-input\":\"required name=search_term_string\"}],\"inLanguage\":\"fr-BE\"},{\"@type\":\"Organization\",\"@id\":\"https:\/\/calypso-service.com\/#organization\",\"name\":\"Calypso Services\",\"url\":\"https:\/\/calypso-service.com\/\",\"logo\":{\"@type\":\"ImageObject\",\"inLanguage\":\"fr-BE\",\"@id\":\"https:\/\/calypso-service.com\/#\/schema\/logo\/image\/\",\"url\":\"https:\/\/calypso-service.com\/wp-content\/uploads\/2018\/12\/cropped-Sans-titre-1-2.png\",\"contentUrl\":\"https:\/\/calypso-service.com\/wp-content\/uploads\/2018\/12\/cropped-Sans-titre-1-2.png\",\"width\":150,\"height\":70,\"caption\":\"Calypso Services\"},\"image\":{\"@id\":\"https:\/\/calypso-service.com\/#\/schema\/logo\/image\/\"},\"sameAs\":[\"https:\/\/www.facebook.com\/Calypso.Service\/\",\"https:\/\/www.linkedin.com\/company\/calypsoservices\"]}]}<\/script>\n<!-- \/ Yoast SEO plugin. -->","yoast_head_json":{"title":"Mat\u00e9riel M\u00e9dical - Calypso Services","robots":{"index":"index","follow":"follow","max-snippet":"max-snippet:-1","max-image-preview":"max-image-preview:large","max-video-preview":"max-video-preview:-1"},"canonical":"http:\/\/calypso-service.com\/index.php\/materiel-medical\/","og_locale":"fr_FR","og_type":"article","og_title":"Mat\u00e9riel M\u00e9dical - Calypso Services","og_description":"La mise \u00e0 disposition de mat\u00e9riel m\u00e9dical est une solution qui permet d&#8217;\u00e9quiper un site professionnel et d&#8217;assurer en pr\u00e9sence du m\u00e9decin du site les premiers secours, de pratiquer des consultations et des soins, de prendre en charge dans le cadre de l\u2019urgence un malade ou un bless\u00e9 en attendant leur \u00e9vacuation en cas de&nbsp;&hellip;","og_url":"http:\/\/calypso-service.com\/index.php\/materiel-medical\/","og_site_name":"Calypso Services","article_publisher":"https:\/\/www.facebook.com\/Calypso.Service\/","article_modified_time":"2018-11-23T10:34:09+00:00","og_image":[{"url":"https:\/\/web.archive.org\/web\/20151203120633im_\/http:\/\/www.calypso-service.com:80\/img\/pictures_contents\/materiel-medical-calypso-tunisie-2.jpg"}],"twitter_card":"summary_large_image","twitter_misc":{"Dur\u00e9e de lecture est.":"1 minute"},"schema":{"@context":"https:\/\/schema.org","@graph":[{"@type":"WebPage","@id":"http:\/\/calypso-service.com\/index.php\/materiel-medical\/","url":"http:\/\/calypso-service.com\/index.php\/materiel-medical\/","name":"Mat\u00e9riel M\u00e9dical - Calypso Services","isPartOf":{"@id":"https:\/\/calypso-service.com\/#website"},"primaryImageOfPage":{"@id":"http:\/\/calypso-service.com\/index.php\/materiel-medical\/#primaryimage"},"image":{"@id":"http:\/\/calypso-service.com\/index.php\/materiel-medical\/#primaryimage"},"thumbnailUrl":"https:\/\/web.archive.org\/web\/20151203120633im_\/http:\/\/www.calypso-service.com:80\/img\/pictures_contents\/materiel-medical-calypso-tunisie-2.jpg","datePublished":"2018-11-15T15:22:40+00:00","dateModified":"2018-11-23T10:34:09+00:00","breadcrumb":{"@id":"http:\/\/calypso-service.com\/index.php\/materiel-medical\/#breadcrumb"},"inLanguage":"fr-BE","potentialAction":[{"@type":"ReadAction","target":["http:\/\/calypso-service.com\/index.php\/materiel-medical\/"]}]},{"@type":"ImageObject","inLanguage":"fr-BE","@id":"http:\/\/calypso-service.com\/index.php\/materiel-medical\/#primaryimage","url":"https:\/\/web.archive.org\/web\/20151203120633im_\/http:\/\/www.calypso-service.com:80\/img\/pictures_contents\/materiel-medical-calypso-tunisie-2.jpg","contentUrl":"https:\/\/web.archive.org\/web\/20151203120633im_\/http:\/\/www.calypso-service.com:80\/img\/pictures_contents\/materiel-medical-calypso-tunisie-2.jpg"},{"@type":"BreadcrumbList","@id":"http:\/\/calypso-service.com\/index.php\/materiel-medical\/#breadcrumb","itemListElement":[{"@type":"ListItem","position":1,"name":"Accueil","item":"https:\/\/calypso-service.com\/"},{"@type":"ListItem","position":2,"name":"Mat\u00e9riel M\u00e9dical"}]},{"@type":"WebSite","@id":"https:\/\/calypso-service.com\/#website","url":"https:\/\/calypso-service.com\/","name":"Calypso Services","description":"Assistance M\u00e9dicale en Tunisie","publisher":{"@id":"https:\/\/calypso-service.com\/#organization"},"potentialAction":[{"@type":"SearchAction","target":{"@type":"EntryPoint","urlTemplate":"https:\/\/calypso-service.com\/?s={search_term_string}"},"query-input":"required name=search_term_string"}],"inLanguage":"fr-BE"},{"@type":"Organization","@id":"https:\/\/calypso-service.com\/#organization","name":"Calypso Services","url":"https:\/\/calypso-service.com\/","logo":{"@type":"ImageObject","inLanguage":"fr-BE","@id":"https:\/\/calypso-service.com\/#\/schema\/logo\/image\/","url":"https:\/\/calypso-service.com\/wp-content\/uploads\/2018\/12\/cropped-Sans-titre-1-2.png","contentUrl":"https:\/\/calypso-service.com\/wp-content\/uploads\/2018\/12\/cropped-Sans-titre-1-2.png","width":150,"height":70,"caption":"Calypso Services"},"image":{"@id":"https:\/\/calypso-service.com\/#\/schema\/logo\/image\/"},"sameAs":["https:\/\/www.facebook.com\/Calypso.Service\/","https:\/\/www.linkedin.com\/company\/calypsoservices"]}]}},"_links":{"self":[{"href":"https:\/\/calypso-service.com\/index.php\/wp-json\/wp\/v2\/pages\/35","targetHints":{"allow":["GET"]}}],"collection":[{"href":"https:\/\/calypso-service.com\/index.php\/wp-json\/wp\/v2\/pages"}],"about":[{"href":"https:\/\/calypso-service.com\/index.php\/wp-json\/wp\/v2\/types\/page"}],"author":[{"embeddable":true,"href":"https:\/\/calypso-service.com\/index.php\/wp-json\/wp\/v2\/users\/1"}],"replies":[{"embeddable":true,"href":"https:\/\/calypso-service.com\/index.php\/wp-json\/wp\/v2\/comments?post=35"}],"version-history":[{"count":3,"href":"https:\/\/calypso-service.com\/index.php\/wp-json\/wp\/v2\/pages\/35\/revisions"}],"predecessor-version":[{"id":119,"href":"https:\/\/calypso-service.com\/index.php\/wp-json\/wp\/v2\/pages\/35\/revisions\/119"}],"wp:attachment":[{"href":"https:\/\/calypso-service.com\/index.php\/wp-json\/wp\/v2\/media?parent=35"}],"curies":[{"name":"wp","href":"https:\/\/api.w.org\/{rel}","templated":true}]}}