{"id":347,"date":"2019-11-07T10:30:38","date_gmt":"2019-11-07T09:30:38","guid":{"rendered":"http:\/\/calypso-service.com\/?page_id=347"},"modified":"2019-11-07T15:02:10","modified_gmt":"2019-11-07T14:02:10","slug":"__trashed","status":"publish","type":"page","link":"https:\/\/calypso-service.com\/index.php\/__trashed\/","title":{"rendered":"Notre Politique Qualit\u00e9"},"content":{"rendered":"<p>Calypso services agit dans un contexte tr\u00e8s concurrentiel avec une client\u00e8le de plus en plus exigeante, l\u2019am\u00e9lioration de la comp\u00e9titivit\u00e9 de notre soci\u00e9t\u00e9 s\u2019av\u00e8re incontournable pour assurer sa p\u00e9rennit\u00e9 et son d\u00e9veloppement.<\/p>\n<p>Calypso services propose des solutions de logistique, d\u2019assistance et de formation \u00e0 ses clients en essayant de s\u2019adapter aux changements de l\u2019environnement et de proposer des prestations de qualit\u00e9 garanties par la rigueur des proc\u00e9dures internes, les mesures d\u2019am\u00e9lioration continue et la culture de la satisfaction client.<\/p>\n<p>Dans ce cadre, Calypso services a pris la d\u00e9cision de mettre en place, d\u2019entretenir et d\u2019am\u00e9liorer en continu un syst\u00e8me de management de la qualit\u00e9 qui lui permet d\u2019optimiser son fonctionnement interne et de se conformer \u00e0 la norme ISO 9001V2015\u00a0, aux exigences l\u00e9gales et r\u00e9glementaires applicables au secteur d\u2019activit\u00e9 et aux exigences de sa client\u00e8le.<\/p>\n<p>La politique qualit\u00e9 de Calypso services est tenue \u00e0 jour et revue selon la modification des enjeux internes et externes de l\u2019entreprise, elle est communiqu\u00e9e et appliqu\u00e9e par tous les collaborateurs et mise \u00e0 la disposition des parties int\u00e9ress\u00e9es externes \u00e0 travers son site web.<\/p>\n<p>Notre politique qualit\u00e9 s\u2019appuie sur les axes strat\u00e9giques suivants\u00a0:<\/p>\n<p>&nbsp;<\/p>\n<p>*Satisfaction des parties int\u00e9ress\u00e9es internes et externes de l\u2019entreprise.<\/p>\n<p>*Am\u00e9lioration continue de l\u2019efficacit\u00e9 de notre syst\u00e8me de management de la qualit\u00e9.<\/p>\n<p>*Am\u00e9lioration continue de la qualification de notre personnel, des \u00e9quipements et des instruments utilis\u00e9s.<\/p>\n<p>*D\u00e9veloppement de la part de march\u00e9<\/p>\n<p>*R\u00e9duction de l\u2019impact environnemental de nos prestations.<\/p>\n<p>*Garantie de la sant\u00e9 et la s\u00e9curit\u00e9 de nos collaborateurs<\/p>\n<p>*Optimisation des co\u00fbts de fonctionnement.<\/p>\n<p>*Ma\u00eetrise des d\u00e9lais.<\/p>\n","protected":false},"excerpt":{"rendered":"<p>Calypso services agit dans un contexte tr\u00e8s concurrentiel avec une client\u00e8le de plus en plus exigeante, l\u2019am\u00e9lioration de la comp\u00e9titivit\u00e9 de notre soci\u00e9t\u00e9 s\u2019av\u00e8re incontournable pour assurer sa p\u00e9rennit\u00e9 et son d\u00e9veloppement. Calypso services propose des solutions de logistique, d\u2019assistance et de formation \u00e0 ses clients en essayant de s\u2019adapter aux changements de l\u2019environnement et&nbsp;&hellip;<\/p>\n","protected":false},"author":1,"featured_media":349,"parent":0,"menu_order":0,"comment_status":"closed","ping_status":"closed","template":"","meta":{"footnotes":""},"class_list":["post-347","page","type-page","status-publish","has-post-thumbnail","hentry"],"yoast_head":"<!-- This site is optimized with the Yoast SEO plugin v22.4 - https:\/\/yoast.com\/wordpress\/plugins\/seo\/ -->\n<title>Notre Politique Qualit\u00e9 - Calypso Services<\/title>\n<meta name=\"robots\" content=\"index, follow, max-snippet:-1, max-image-preview:large, max-video-preview:-1\" \/>\n<link rel=\"canonical\" href=\"https:\/\/calypso-service.com\/index.php\/__trashed\/\" \/>\n<meta property=\"og:locale\" content=\"fr_FR\" \/>\n<meta property=\"og:type\" content=\"article\" \/>\n<meta property=\"og:title\" content=\"Notre Politique Qualit\u00e9 - Calypso Services\" \/>\n<meta property=\"og:description\" content=\"Calypso services agit dans un contexte tr\u00e8s concurrentiel avec une client\u00e8le de plus en plus exigeante, l\u2019am\u00e9lioration de la comp\u00e9titivit\u00e9 de notre soci\u00e9t\u00e9 s\u2019av\u00e8re incontournable pour assurer sa p\u00e9rennit\u00e9 et son d\u00e9veloppement. Calypso services propose des solutions de logistique, d\u2019assistance et de formation \u00e0 ses clients en essayant de s\u2019adapter aux changements de l\u2019environnement et&nbsp;&hellip;\" \/>\n<meta property=\"og:url\" content=\"https:\/\/calypso-service.com\/index.php\/__trashed\/\" \/>\n<meta property=\"og:site_name\" content=\"Calypso Services\" \/>\n<meta property=\"article:publisher\" content=\"https:\/\/www.facebook.com\/Calypso.Service\/\" \/>\n<meta property=\"article:modified_time\" content=\"2019-11-07T14:02:10+00:00\" \/>\n<meta property=\"og:image\" content=\"https:\/\/calypso-service.com\/wp-content\/uploads\/2019\/11\/Politique-qualit\u00e9-e1573122653638.jpg\" \/>\n\t<meta property=\"og:image:width\" content=\"900\" \/>\n\t<meta property=\"og:image:height\" content=\"1272\" \/>\n\t<meta property=\"og:image:type\" content=\"image\/jpeg\" \/>\n<meta name=\"twitter:card\" content=\"summary_large_image\" \/>\n<meta name=\"twitter:label1\" content=\"Dur\u00e9e de lecture est.\" \/>\n\t<meta name=\"twitter:data1\" content=\"1 minute\" \/>\n<script type=\"application\/ld+json\" class=\"yoast-schema-graph\">{\"@context\":\"https:\/\/schema.org\",\"@graph\":[{\"@type\":\"WebPage\",\"@id\":\"https:\/\/calypso-service.com\/index.php\/__trashed\/\",\"url\":\"https:\/\/calypso-service.com\/index.php\/__trashed\/\",\"name\":\"Notre Politique Qualit\u00e9 - Calypso Services\",\"isPartOf\":{\"@id\":\"https:\/\/calypso-service.com\/#website\"},\"primaryImageOfPage\":{\"@id\":\"https:\/\/calypso-service.com\/index.php\/__trashed\/#primaryimage\"},\"image\":{\"@id\":\"https:\/\/calypso-service.com\/index.php\/__trashed\/#primaryimage\"},\"thumbnailUrl\":\"https:\/\/calypso-service.com\/wp-content\/uploads\/2019\/11\/Politique-qualit\u00e9-e1573122653638.jpg\",\"datePublished\":\"2019-11-07T09:30:38+00:00\",\"dateModified\":\"2019-11-07T14:02:10+00:00\",\"breadcrumb\":{\"@id\":\"https:\/\/calypso-service.com\/index.php\/__trashed\/#breadcrumb\"},\"inLanguage\":\"fr-BE\",\"potentialAction\":[{\"@type\":\"ReadAction\",\"target\":[\"https:\/\/calypso-service.com\/index.php\/__trashed\/\"]}]},{\"@type\":\"ImageObject\",\"inLanguage\":\"fr-BE\",\"@id\":\"https:\/\/calypso-service.com\/index.php\/__trashed\/#primaryimage\",\"url\":\"https:\/\/calypso-service.com\/wp-content\/uploads\/2019\/11\/Politique-qualit\u00e9-e1573122653638.jpg\",\"contentUrl\":\"https:\/\/calypso-service.com\/wp-content\/uploads\/2019\/11\/Politique-qualit\u00e9-e1573122653638.jpg\",\"width\":900,\"height\":1272},{\"@type\":\"BreadcrumbList\",\"@id\":\"https:\/\/calypso-service.com\/index.php\/__trashed\/#breadcrumb\",\"itemListElement\":[{\"@type\":\"ListItem\",\"position\":1,\"name\":\"Accueil\",\"item\":\"https:\/\/calypso-service.com\/\"},{\"@type\":\"ListItem\",\"position\":2,\"name\":\"Notre Politique Qualit\u00e9\"}]},{\"@type\":\"WebSite\",\"@id\":\"https:\/\/calypso-service.com\/#website\",\"url\":\"https:\/\/calypso-service.com\/\",\"name\":\"Calypso Services\",\"description\":\"Assistance M\u00e9dicale en Tunisie\",\"publisher\":{\"@id\":\"https:\/\/calypso-service.com\/#organization\"},\"potentialAction\":[{\"@type\":\"SearchAction\",\"target\":{\"@type\":\"EntryPoint\",\"urlTemplate\":\"https:\/\/calypso-service.com\/?s={search_term_string}\"},\"query-input\":\"required name=search_term_string\"}],\"inLanguage\":\"fr-BE\"},{\"@type\":\"Organization\",\"@id\":\"https:\/\/calypso-service.com\/#organization\",\"name\":\"Calypso Services\",\"url\":\"https:\/\/calypso-service.com\/\",\"logo\":{\"@type\":\"ImageObject\",\"inLanguage\":\"fr-BE\",\"@id\":\"https:\/\/calypso-service.com\/#\/schema\/logo\/image\/\",\"url\":\"https:\/\/calypso-service.com\/wp-content\/uploads\/2018\/12\/cropped-Sans-titre-1-2.png\",\"contentUrl\":\"https:\/\/calypso-service.com\/wp-content\/uploads\/2018\/12\/cropped-Sans-titre-1-2.png\",\"width\":150,\"height\":70,\"caption\":\"Calypso Services\"},\"image\":{\"@id\":\"https:\/\/calypso-service.com\/#\/schema\/logo\/image\/\"},\"sameAs\":[\"https:\/\/www.facebook.com\/Calypso.Service\/\",\"https:\/\/www.linkedin.com\/company\/calypsoservices\"]}]}<\/script>\n<!-- \/ Yoast SEO plugin. -->","yoast_head_json":{"title":"Notre Politique Qualit\u00e9 - Calypso Services","robots":{"index":"index","follow":"follow","max-snippet":"max-snippet:-1","max-image-preview":"max-image-preview:large","max-video-preview":"max-video-preview:-1"},"canonical":"https:\/\/calypso-service.com\/index.php\/__trashed\/","og_locale":"fr_FR","og_type":"article","og_title":"Notre Politique Qualit\u00e9 - Calypso Services","og_description":"Calypso services agit dans un contexte tr\u00e8s concurrentiel avec une client\u00e8le de plus en plus exigeante, l\u2019am\u00e9lioration de la comp\u00e9titivit\u00e9 de notre soci\u00e9t\u00e9 s\u2019av\u00e8re incontournable pour assurer sa p\u00e9rennit\u00e9 et son d\u00e9veloppement. Calypso services propose des solutions de logistique, d\u2019assistance et de formation \u00e0 ses clients en essayant de s\u2019adapter aux changements de l\u2019environnement et&nbsp;&hellip;","og_url":"https:\/\/calypso-service.com\/index.php\/__trashed\/","og_site_name":"Calypso Services","article_publisher":"https:\/\/www.facebook.com\/Calypso.Service\/","article_modified_time":"2019-11-07T14:02:10+00:00","og_image":[{"width":900,"height":1272,"url":"https:\/\/calypso-service.com\/wp-content\/uploads\/2019\/11\/Politique-qualit\u00e9-e1573122653638.jpg","type":"image\/jpeg"}],"twitter_card":"summary_large_image","twitter_misc":{"Dur\u00e9e de lecture est.":"1 minute"},"schema":{"@context":"https:\/\/schema.org","@graph":[{"@type":"WebPage","@id":"https:\/\/calypso-service.com\/index.php\/__trashed\/","url":"https:\/\/calypso-service.com\/index.php\/__trashed\/","name":"Notre Politique Qualit\u00e9 - Calypso Services","isPartOf":{"@id":"https:\/\/calypso-service.com\/#website"},"primaryImageOfPage":{"@id":"https:\/\/calypso-service.com\/index.php\/__trashed\/#primaryimage"},"image":{"@id":"https:\/\/calypso-service.com\/index.php\/__trashed\/#primaryimage"},"thumbnailUrl":"https:\/\/calypso-service.com\/wp-content\/uploads\/2019\/11\/Politique-qualit\u00e9-e1573122653638.jpg","datePublished":"2019-11-07T09:30:38+00:00","dateModified":"2019-11-07T14:02:10+00:00","breadcrumb":{"@id":"https:\/\/calypso-service.com\/index.php\/__trashed\/#breadcrumb"},"inLanguage":"fr-BE","potentialAction":[{"@type":"ReadAction","target":["https:\/\/calypso-service.com\/index.php\/__trashed\/"]}]},{"@type":"ImageObject","inLanguage":"fr-BE","@id":"https:\/\/calypso-service.com\/index.php\/__trashed\/#primaryimage","url":"https:\/\/calypso-service.com\/wp-content\/uploads\/2019\/11\/Politique-qualit\u00e9-e1573122653638.jpg","contentUrl":"https:\/\/calypso-service.com\/wp-content\/uploads\/2019\/11\/Politique-qualit\u00e9-e1573122653638.jpg","width":900,"height":1272},{"@type":"BreadcrumbList","@id":"https:\/\/calypso-service.com\/index.php\/__trashed\/#breadcrumb","itemListElement":[{"@type":"ListItem","position":1,"name":"Accueil","item":"https:\/\/calypso-service.com\/"},{"@type":"ListItem","position":2,"name":"Notre Politique Qualit\u00e9"}]},{"@type":"WebSite","@id":"https:\/\/calypso-service.com\/#website","url":"https:\/\/calypso-service.com\/","name":"Calypso Services","description":"Assistance M\u00e9dicale en Tunisie","publisher":{"@id":"https:\/\/calypso-service.com\/#organization"},"potentialAction":[{"@type":"SearchAction","target":{"@type":"EntryPoint","urlTemplate":"https:\/\/calypso-service.com\/?s={search_term_string}"},"query-input":"required name=search_term_string"}],"inLanguage":"fr-BE"},{"@type":"Organization","@id":"https:\/\/calypso-service.com\/#organization","name":"Calypso Services","url":"https:\/\/calypso-service.com\/","logo":{"@type":"ImageObject","inLanguage":"fr-BE","@id":"https:\/\/calypso-service.com\/#\/schema\/logo\/image\/","url":"https:\/\/calypso-service.com\/wp-content\/uploads\/2018\/12\/cropped-Sans-titre-1-2.png","contentUrl":"https:\/\/calypso-service.com\/wp-content\/uploads\/2018\/12\/cropped-Sans-titre-1-2.png","width":150,"height":70,"caption":"Calypso Services"},"image":{"@id":"https:\/\/calypso-service.com\/#\/schema\/logo\/image\/"},"sameAs":["https:\/\/www.facebook.com\/Calypso.Service\/","https:\/\/www.linkedin.com\/company\/calypsoservices"]}]}},"_links":{"self":[{"href":"https:\/\/calypso-service.com\/index.php\/wp-json\/wp\/v2\/pages\/347","targetHints":{"allow":["GET"]}}],"collection":[{"href":"https:\/\/calypso-service.com\/index.php\/wp-json\/wp\/v2\/pages"}],"about":[{"href":"https:\/\/calypso-service.com\/index.php\/wp-json\/wp\/v2\/types\/page"}],"author":[{"embeddable":true,"href":"https:\/\/calypso-service.com\/index.php\/wp-json\/wp\/v2\/users\/1"}],"replies":[{"embeddable":true,"href":"https:\/\/calypso-service.com\/index.php\/wp-json\/wp\/v2\/comments?post=347"}],"version-history":[{"count":8,"href":"https:\/\/calypso-service.com\/index.php\/wp-json\/wp\/v2\/pages\/347\/revisions"}],"predecessor-version":[{"id":454,"href":"https:\/\/calypso-service.com\/index.php\/wp-json\/wp\/v2\/pages\/347\/revisions\/454"}],"wp:featuredmedia":[{"embeddable":true,"href":"https:\/\/calypso-service.com\/index.php\/wp-json\/wp\/v2\/media\/349"}],"wp:attachment":[{"href":"https:\/\/calypso-service.com\/index.php\/wp-json\/wp\/v2\/media?parent=347"}],"curies":[{"name":"wp","href":"https:\/\/api.w.org\/{rel}","templated":true}]}}