{"id":33,"date":"2018-11-15T16:21:50","date_gmt":"2018-11-15T15:21:50","guid":{"rendered":"http:\/\/calypso-service.com\/?page_id=33"},"modified":"2018-11-23T11:32:35","modified_gmt":"2018-11-23T10:32:35","slug":"unite-medicale-mobile","status":"publish","type":"page","link":"https:\/\/calypso-service.com\/index.php\/unite-medicale-mobile\/","title":{"rendered":"Unit\u00e9 M\u00e9dicale Mobile"},"content":{"rendered":"<p>Les Unit\u00e9s M\u00e9dicales Mobiles (UMM) de\u00a0<strong>Calypso Services<\/strong>\u00a0sont destin\u00e9es \u00e0 abriter une activit\u00e9 m\u00e9dicale sur des sites professionnels isol\u00e9s tels que les sites de forage et de prospection pour les soci\u00e9t\u00e9s p\u00e9troli\u00e8res, les sites d&#8217;extraction des produits miniers ou sur des chantiers de construction. Ces UMM sont modulables selon les exigences des clients et peuvent s&#8217;adapter \u00e0 la nature et aux sp\u00e9cificit\u00e9s des sites.<\/p>\n<p>Nos UMM r\u00e9pondent aux exigences m\u00e9dicales, de s\u00e9curit\u00e9 et de respect de l&#8217;environnement. Elles sont con\u00e7ues et \u00e9quip\u00e9es de mani\u00e8re normalis\u00e9e en mati\u00e8re de structure et d\u2019architecture, d\u2019isolation thermique et sonore, des installations \u00e9lectriques et sanitaires, des dispositifs de s\u00e9curit\u00e9 et de confort, et des dispositifs de manutention et de transport. La conception des plans de la structure, de l&#8217;\u00e9lectricit\u00e9 et de la plomberie est faite par des bureaux d&#8217;\u00e9tudes agr\u00e9\u00e9s .Le contr\u00f4le de la r\u00e9alisation des UMM est assur\u00e9 par le bureau de contr\u00f4le VERITAS.<\/p>\n<p>Nos UMM disposent d&#8217;un espace fonctionnel qui permet \u00e0 l&#8217;\u00e9quipe m\u00e9dicale :<\/p>\n<ul>\n<li>D\u2019assurer l&#8217;entreposage de produits pharmaceutiques, de consommables et d&#8217;\u00e9quipements m\u00e9dicaux essentiels dans de bonnes conditions de s\u00e9curit\u00e9 et de confort<\/li>\n<li>D\u2019assurer l&#8217;hospitalisation des malades pendant une p\u00e9riode de 48 heures en attendant leur \u00e9vacuation en cas de n\u00e9cessit\u00e9,<\/li>\n<li>D\u2019assurer les premiers secours et traitements et pratiquer des consultations et des soins,<\/li>\n<li>De prendre en charge dans le cadre de l&#8217;urgence un malade ou un bless\u00e9 et hospitaliser jusqu&#8217;\u00e0 4 personnes pour une courte dur\u00e9e.<\/li>\n<li>\n<div class=\"bid-pic-gal\">\n<div id=\"bid-pic-gal-21\"><img loading=\"lazy\" decoding=\"async\" src=\"https:\/\/web.archive.org\/web\/20151203084506im_\/http:\/\/www.calypso-service.com:80\/img\/pictures_contents\/unite-medical-mobile-calypso-tunisie-6.jpg\" alt=\"\" width=\"451\" height=\"295\" border=\"0\" \/><\/div>\n<\/div>\n<div class=\"nav-picture-gal\">\n<div class=\"pichotel-thumb\"><img loading=\"lazy\" decoding=\"async\" class=\"alignnone\" src=\"https:\/\/web.archive.org\/web\/20151203084506im_\/http:\/\/www.calypso-service.com:80\/img\/pictures_contents\/thumb\/unite-medical-mobile-calypso-tunisie-6_thumb.jpg\" alt=\"\" width=\"85\" height=\"65\" border=\"0\" \/><img loading=\"lazy\" decoding=\"async\" class=\"alignnone\" src=\"https:\/\/web.archive.org\/web\/20151203084506im_\/http:\/\/www.calypso-service.com:80\/img\/pictures_contents\/thumb\/unite-medical-mobile-calypso-tunisie-7_thumb.jpg\" alt=\"\" width=\"85\" height=\"65\" border=\"0\" \/><img loading=\"lazy\" decoding=\"async\" class=\"alignnone\" src=\"https:\/\/web.archive.org\/web\/20151203084506im_\/http:\/\/www.calypso-service.com:80\/img\/pictures_contents\/thumb\/unite-medical-mobile-calypso-tunisie-8_thumb.jpg\" alt=\"\" width=\"85\" height=\"65\" border=\"0\" \/><img loading=\"lazy\" decoding=\"async\" class=\"alignnone\" src=\"https:\/\/web.archive.org\/web\/20151203084506im_\/http:\/\/www.calypso-service.com:80\/img\/pictures_contents\/thumb\/unite-medical-mobile-calypso-tunisie-10_thumb.jpg\" alt=\"\" width=\"85\" height=\"65\" border=\"0\" \/><img loading=\"lazy\" decoding=\"async\" class=\"alignnone\" src=\"https:\/\/web.archive.org\/web\/20151203084506im_\/http:\/\/www.calypso-service.com:80\/img\/pictures_contents\/thumb\/unite-medical-mobile-calypso-tunisie-9_thumb.jpg\" alt=\"\" width=\"85\" height=\"65\" border=\"0\" \/><\/div>\n<div class=\"pichotel-thumb\"><\/div>\n<div class=\"pichotel-thumb\"><\/div>\n<div class=\"pichotel-thumb\"><\/div>\n<div class=\"pichotel-thumb\"><\/div>\n<div class=\"pichotel-thumb\"><img loading=\"lazy\" decoding=\"async\" class=\"alignnone\" src=\"https:\/\/web.archive.org\/web\/20151203084506im_\/http:\/\/www.calypso-service.com:80\/img\/pictures_contents\/thumb\/unite-medical-mobile-calypso-tunisie-11_thumb.jpg\" alt=\"\" width=\"85\" height=\"65\" border=\"0\" \/><img loading=\"lazy\" decoding=\"async\" class=\"alignnone\" src=\"https:\/\/web.archive.org\/web\/20151203084506im_\/http:\/\/www.calypso-service.com:80\/img\/pictures_contents\/thumb\/unite-medical-mobile-calypso-tunisie-5-2_thumb.jpg\" alt=\"\" width=\"85\" height=\"65\" border=\"0\" \/><img loading=\"lazy\" decoding=\"async\" class=\"alignnone\" src=\"https:\/\/web.archive.org\/web\/20151203084506im_\/http:\/\/www.calypso-service.com:80\/img\/pictures_contents\/thumb\/unite-medical-mobile-calypso-tunisie-3-2_thumb.jpg\" alt=\"\" width=\"85\" height=\"65\" border=\"0\" \/><img loading=\"lazy\" decoding=\"async\" class=\"alignnone\" src=\"https:\/\/web.archive.org\/web\/20151203084506im_\/http:\/\/www.calypso-service.com:80\/img\/pictures_contents\/thumb\/unite-medical-mobile-calypso-tunisie-2-2_thumb.jpg\" alt=\"\" width=\"85\" height=\"65\" border=\"0\" \/><img loading=\"lazy\" decoding=\"async\" class=\"alignnone\" src=\"https:\/\/web.archive.org\/web\/20151203084506im_\/http:\/\/www.calypso-service.com:80\/img\/pictures_contents\/thumb\/unite-medical-mobile-calypso-tunisie-4-2_thumb.jpg\" alt=\"\" width=\"85\" height=\"65\" border=\"0\" \/><\/div>\n<div class=\"pichotel-thumb\"><\/div>\n<div class=\"pichotel-thumb\"><\/div>\n<div class=\"pichotel-thumb\"><\/div>\n<div class=\"pichotel-thumb\"><\/div>\n<\/div>\n<\/li>\n<\/ul>\n","protected":false},"excerpt":{"rendered":"<p>Les Unit\u00e9s M\u00e9dicales Mobiles (UMM) de\u00a0Calypso Services\u00a0sont destin\u00e9es \u00e0 abriter une activit\u00e9 m\u00e9dicale sur des sites professionnels isol\u00e9s tels que les sites de forage et de prospection pour les soci\u00e9t\u00e9s p\u00e9troli\u00e8res, les sites d&#8217;extraction des produits miniers ou sur des chantiers de construction. Ces UMM sont modulables selon les exigences des clients et peuvent s&#8217;adapter&nbsp;&hellip;<\/p>\n","protected":false},"author":1,"featured_media":0,"parent":0,"menu_order":0,"comment_status":"closed","ping_status":"closed","template":"","meta":{"footnotes":""},"class_list":["post-33","page","type-page","status-publish","hentry"],"yoast_head":"<!-- This site is optimized with the Yoast SEO plugin v22.4 - https:\/\/yoast.com\/wordpress\/plugins\/seo\/ -->\n<title>Unit\u00e9 M\u00e9dicale Mobile - Calypso Services<\/title>\n<meta name=\"robots\" content=\"index, follow, max-snippet:-1, max-image-preview:large, max-video-preview:-1\" \/>\n<link rel=\"canonical\" href=\"https:\/\/calypso-service.com\/index.php\/unite-medicale-mobile\/\" \/>\n<meta property=\"og:locale\" content=\"fr_FR\" \/>\n<meta property=\"og:type\" content=\"article\" \/>\n<meta property=\"og:title\" content=\"Unit\u00e9 M\u00e9dicale Mobile - Calypso Services\" \/>\n<meta property=\"og:description\" content=\"Les Unit\u00e9s M\u00e9dicales Mobiles (UMM) de\u00a0Calypso Services\u00a0sont destin\u00e9es \u00e0 abriter une activit\u00e9 m\u00e9dicale sur des sites professionnels isol\u00e9s tels que les sites de forage et de prospection pour les soci\u00e9t\u00e9s p\u00e9troli\u00e8res, les sites d&#8217;extraction des produits miniers ou sur des chantiers de construction. Ces UMM sont modulables selon les exigences des clients et peuvent s&#8217;adapter&nbsp;&hellip;\" \/>\n<meta property=\"og:url\" content=\"https:\/\/calypso-service.com\/index.php\/unite-medicale-mobile\/\" \/>\n<meta property=\"og:site_name\" content=\"Calypso Services\" \/>\n<meta property=\"article:publisher\" content=\"https:\/\/www.facebook.com\/Calypso.Service\/\" \/>\n<meta property=\"article:modified_time\" content=\"2018-11-23T10:32:35+00:00\" \/>\n<meta property=\"og:image\" content=\"https:\/\/web.archive.org\/web\/20151203084506im_\/http:\/\/www.calypso-service.com:80\/img\/pictures_contents\/unite-medical-mobile-calypso-tunisie-6.jpg\" \/>\n<meta name=\"twitter:card\" content=\"summary_large_image\" \/>\n<meta name=\"twitter:label1\" content=\"Dur\u00e9e de lecture est.\" \/>\n\t<meta name=\"twitter:data1\" content=\"1 minute\" \/>\n<script type=\"application\/ld+json\" class=\"yoast-schema-graph\">{\"@context\":\"https:\/\/schema.org\",\"@graph\":[{\"@type\":\"WebPage\",\"@id\":\"https:\/\/calypso-service.com\/index.php\/unite-medicale-mobile\/\",\"url\":\"https:\/\/calypso-service.com\/index.php\/unite-medicale-mobile\/\",\"name\":\"Unit\u00e9 M\u00e9dicale Mobile - Calypso Services\",\"isPartOf\":{\"@id\":\"https:\/\/calypso-service.com\/#website\"},\"primaryImageOfPage\":{\"@id\":\"https:\/\/calypso-service.com\/index.php\/unite-medicale-mobile\/#primaryimage\"},\"image\":{\"@id\":\"https:\/\/calypso-service.com\/index.php\/unite-medicale-mobile\/#primaryimage\"},\"thumbnailUrl\":\"https:\/\/web.archive.org\/web\/20151203084506im_\/http:\/\/www.calypso-service.com:80\/img\/pictures_contents\/unite-medical-mobile-calypso-tunisie-6.jpg\",\"datePublished\":\"2018-11-15T15:21:50+00:00\",\"dateModified\":\"2018-11-23T10:32:35+00:00\",\"breadcrumb\":{\"@id\":\"https:\/\/calypso-service.com\/index.php\/unite-medicale-mobile\/#breadcrumb\"},\"inLanguage\":\"fr-BE\",\"potentialAction\":[{\"@type\":\"ReadAction\",\"target\":[\"https:\/\/calypso-service.com\/index.php\/unite-medicale-mobile\/\"]}]},{\"@type\":\"ImageObject\",\"inLanguage\":\"fr-BE\",\"@id\":\"https:\/\/calypso-service.com\/index.php\/unite-medicale-mobile\/#primaryimage\",\"url\":\"https:\/\/web.archive.org\/web\/20151203084506im_\/http:\/\/www.calypso-service.com:80\/img\/pictures_contents\/unite-medical-mobile-calypso-tunisie-6.jpg\",\"contentUrl\":\"https:\/\/web.archive.org\/web\/20151203084506im_\/http:\/\/www.calypso-service.com:80\/img\/pictures_contents\/unite-medical-mobile-calypso-tunisie-6.jpg\"},{\"@type\":\"BreadcrumbList\",\"@id\":\"https:\/\/calypso-service.com\/index.php\/unite-medicale-mobile\/#breadcrumb\",\"itemListElement\":[{\"@type\":\"ListItem\",\"position\":1,\"name\":\"Accueil\",\"item\":\"https:\/\/calypso-service.com\/\"},{\"@type\":\"ListItem\",\"position\":2,\"name\":\"Unit\u00e9 M\u00e9dicale Mobile\"}]},{\"@type\":\"WebSite\",\"@id\":\"https:\/\/calypso-service.com\/#website\",\"url\":\"https:\/\/calypso-service.com\/\",\"name\":\"Calypso Services\",\"description\":\"Assistance M\u00e9dicale en Tunisie\",\"publisher\":{\"@id\":\"https:\/\/calypso-service.com\/#organization\"},\"potentialAction\":[{\"@type\":\"SearchAction\",\"target\":{\"@type\":\"EntryPoint\",\"urlTemplate\":\"https:\/\/calypso-service.com\/?s={search_term_string}\"},\"query-input\":\"required name=search_term_string\"}],\"inLanguage\":\"fr-BE\"},{\"@type\":\"Organization\",\"@id\":\"https:\/\/calypso-service.com\/#organization\",\"name\":\"Calypso Services\",\"url\":\"https:\/\/calypso-service.com\/\",\"logo\":{\"@type\":\"ImageObject\",\"inLanguage\":\"fr-BE\",\"@id\":\"https:\/\/calypso-service.com\/#\/schema\/logo\/image\/\",\"url\":\"https:\/\/calypso-service.com\/wp-content\/uploads\/2018\/12\/cropped-Sans-titre-1-2.png\",\"contentUrl\":\"https:\/\/calypso-service.com\/wp-content\/uploads\/2018\/12\/cropped-Sans-titre-1-2.png\",\"width\":150,\"height\":70,\"caption\":\"Calypso Services\"},\"image\":{\"@id\":\"https:\/\/calypso-service.com\/#\/schema\/logo\/image\/\"},\"sameAs\":[\"https:\/\/www.facebook.com\/Calypso.Service\/\",\"https:\/\/www.linkedin.com\/company\/calypsoservices\"]}]}<\/script>\n<!-- \/ Yoast SEO plugin. -->","yoast_head_json":{"title":"Unit\u00e9 M\u00e9dicale Mobile - Calypso Services","robots":{"index":"index","follow":"follow","max-snippet":"max-snippet:-1","max-image-preview":"max-image-preview:large","max-video-preview":"max-video-preview:-1"},"canonical":"https:\/\/calypso-service.com\/index.php\/unite-medicale-mobile\/","og_locale":"fr_FR","og_type":"article","og_title":"Unit\u00e9 M\u00e9dicale Mobile - Calypso Services","og_description":"Les Unit\u00e9s M\u00e9dicales Mobiles (UMM) de\u00a0Calypso Services\u00a0sont destin\u00e9es \u00e0 abriter une activit\u00e9 m\u00e9dicale sur des sites professionnels isol\u00e9s tels que les sites de forage et de prospection pour les soci\u00e9t\u00e9s p\u00e9troli\u00e8res, les sites d&#8217;extraction des produits miniers ou sur des chantiers de construction. Ces UMM sont modulables selon les exigences des clients et peuvent s&#8217;adapter&nbsp;&hellip;","og_url":"https:\/\/calypso-service.com\/index.php\/unite-medicale-mobile\/","og_site_name":"Calypso Services","article_publisher":"https:\/\/www.facebook.com\/Calypso.Service\/","article_modified_time":"2018-11-23T10:32:35+00:00","og_image":[{"url":"https:\/\/web.archive.org\/web\/20151203084506im_\/http:\/\/www.calypso-service.com:80\/img\/pictures_contents\/unite-medical-mobile-calypso-tunisie-6.jpg"}],"twitter_card":"summary_large_image","twitter_misc":{"Dur\u00e9e de lecture est.":"1 minute"},"schema":{"@context":"https:\/\/schema.org","@graph":[{"@type":"WebPage","@id":"https:\/\/calypso-service.com\/index.php\/unite-medicale-mobile\/","url":"https:\/\/calypso-service.com\/index.php\/unite-medicale-mobile\/","name":"Unit\u00e9 M\u00e9dicale Mobile - Calypso Services","isPartOf":{"@id":"https:\/\/calypso-service.com\/#website"},"primaryImageOfPage":{"@id":"https:\/\/calypso-service.com\/index.php\/unite-medicale-mobile\/#primaryimage"},"image":{"@id":"https:\/\/calypso-service.com\/index.php\/unite-medicale-mobile\/#primaryimage"},"thumbnailUrl":"https:\/\/web.archive.org\/web\/20151203084506im_\/http:\/\/www.calypso-service.com:80\/img\/pictures_contents\/unite-medical-mobile-calypso-tunisie-6.jpg","datePublished":"2018-11-15T15:21:50+00:00","dateModified":"2018-11-23T10:32:35+00:00","breadcrumb":{"@id":"https:\/\/calypso-service.com\/index.php\/unite-medicale-mobile\/#breadcrumb"},"inLanguage":"fr-BE","potentialAction":[{"@type":"ReadAction","target":["https:\/\/calypso-service.com\/index.php\/unite-medicale-mobile\/"]}]},{"@type":"ImageObject","inLanguage":"fr-BE","@id":"https:\/\/calypso-service.com\/index.php\/unite-medicale-mobile\/#primaryimage","url":"https:\/\/web.archive.org\/web\/20151203084506im_\/http:\/\/www.calypso-service.com:80\/img\/pictures_contents\/unite-medical-mobile-calypso-tunisie-6.jpg","contentUrl":"https:\/\/web.archive.org\/web\/20151203084506im_\/http:\/\/www.calypso-service.com:80\/img\/pictures_contents\/unite-medical-mobile-calypso-tunisie-6.jpg"},{"@type":"BreadcrumbList","@id":"https:\/\/calypso-service.com\/index.php\/unite-medicale-mobile\/#breadcrumb","itemListElement":[{"@type":"ListItem","position":1,"name":"Accueil","item":"https:\/\/calypso-service.com\/"},{"@type":"ListItem","position":2,"name":"Unit\u00e9 M\u00e9dicale Mobile"}]},{"@type":"WebSite","@id":"https:\/\/calypso-service.com\/#website","url":"https:\/\/calypso-service.com\/","name":"Calypso Services","description":"Assistance M\u00e9dicale en Tunisie","publisher":{"@id":"https:\/\/calypso-service.com\/#organization"},"potentialAction":[{"@type":"SearchAction","target":{"@type":"EntryPoint","urlTemplate":"https:\/\/calypso-service.com\/?s={search_term_string}"},"query-input":"required name=search_term_string"}],"inLanguage":"fr-BE"},{"@type":"Organization","@id":"https:\/\/calypso-service.com\/#organization","name":"Calypso Services","url":"https:\/\/calypso-service.com\/","logo":{"@type":"ImageObject","inLanguage":"fr-BE","@id":"https:\/\/calypso-service.com\/#\/schema\/logo\/image\/","url":"https:\/\/calypso-service.com\/wp-content\/uploads\/2018\/12\/cropped-Sans-titre-1-2.png","contentUrl":"https:\/\/calypso-service.com\/wp-content\/uploads\/2018\/12\/cropped-Sans-titre-1-2.png","width":150,"height":70,"caption":"Calypso Services"},"image":{"@id":"https:\/\/calypso-service.com\/#\/schema\/logo\/image\/"},"sameAs":["https:\/\/www.facebook.com\/Calypso.Service\/","https:\/\/www.linkedin.com\/company\/calypsoservices"]}]}},"_links":{"self":[{"href":"https:\/\/calypso-service.com\/index.php\/wp-json\/wp\/v2\/pages\/33","targetHints":{"allow":["GET"]}}],"collection":[{"href":"https:\/\/calypso-service.com\/index.php\/wp-json\/wp\/v2\/pages"}],"about":[{"href":"https:\/\/calypso-service.com\/index.php\/wp-json\/wp\/v2\/types\/page"}],"author":[{"embeddable":true,"href":"https:\/\/calypso-service.com\/index.php\/wp-json\/wp\/v2\/users\/1"}],"replies":[{"embeddable":true,"href":"https:\/\/calypso-service.com\/index.php\/wp-json\/wp\/v2\/comments?post=33"}],"version-history":[{"count":5,"href":"https:\/\/calypso-service.com\/index.php\/wp-json\/wp\/v2\/pages\/33\/revisions"}],"predecessor-version":[{"id":118,"href":"https:\/\/calypso-service.com\/index.php\/wp-json\/wp\/v2\/pages\/33\/revisions\/118"}],"wp:attachment":[{"href":"https:\/\/calypso-service.com\/index.php\/wp-json\/wp\/v2\/media?parent=33"}],"curies":[{"name":"wp","href":"https:\/\/api.w.org\/{rel}","templated":true}]}}