{"id":31,"date":"2018-11-15T16:20:47","date_gmt":"2018-11-15T15:20:47","guid":{"rendered":"http:\/\/calypso-service.com\/?page_id=31"},"modified":"2018-11-23T11:37:13","modified_gmt":"2018-11-23T10:37:13","slug":"ambulance-ville","status":"publish","type":"page","link":"https:\/\/calypso-service.com\/index.php\/ambulance-ville\/","title":{"rendered":"Ambulances Ville"},"content":{"rendered":"<p><strong>Calypso Services<\/strong>\u00a0met \u00e0 la disposition de ses clients \u00e9galement des ambulances ville de secours et de soins d&#8217;urgence d\u00e9di\u00e9es au transport m\u00e9dical dans les zones urbaines et interurbaines qui r\u00e9pondent aux exigences m\u00e9dicales, et de s\u00e9curit\u00e9. Ainsi elles sont con\u00e7ues et \u00e9quip\u00e9es de mani\u00e8re normalis\u00e9e en mati\u00e8re d&#8217;\u00e9quipements m\u00e9dicaux, d\u2019installation \u00e9lectrique et sanitaire, de dispositifs de s\u00e9curit\u00e9 et de confort.<\/p>\n<p>Nos ambulances ville, comme les ambulances 4&#215;4, disposent \u00e9galement de syst\u00e8me GPS\/GPRS nous permettant de contr\u00f4ler la qualit\u00e9 de conduite de nos ambulanciers et d\u2019assurer une ma\u00eetrise totale et un suivi r\u00e9gulier de nos ambulances afin d&#8217;obtenir un facteur utilisation\/productivit\u00e9 tr\u00e8s optimis\u00e9.<\/p>\n<p><strong>Les ambulances ville de Calypso Services<\/strong>\u00a0assurent aux usagers le confort et la s\u00e9curit\u00e9 n\u00e9cessaires gr\u00e2ce \u00e0 une conception bien \u00e9tudi\u00e9e et aux \u00e9quipements qu&#8217;elles disposent pour tout les cas. On trouve les arceaux de s\u00e9curit\u00e9 et les \u00e9quipements m\u00e9dicaux tels que oxyg\u00e8ne m\u00e9dical, brancard, matelas coquille, civi\u00e8re de ramassage, att\u00e8les, sac d&#8217;urgence, collier cervical, &#8230;).<\/p>\n<div class=\"left-top-content\">\n<div class=\"bid-pic-gal\">\n<div id=\"bid-pic-gal-16\"><img loading=\"lazy\" decoding=\"async\" src=\"https:\/\/web.archive.org\/web\/20151203115437im_\/http:\/\/www.calypso-service.com:80\/img\/pictures_contents\/ambulance-ville-calypso-tunisie.jpg\" alt=\"\" width=\"451\" height=\"295\" border=\"0\" \/><\/div>\n<\/div>\n<div class=\"nav-picture-gal\">\n<div class=\"pichotel-thumb\"><img loading=\"lazy\" decoding=\"async\" class=\"alignnone\" src=\"https:\/\/web.archive.org\/web\/20151203115437im_\/http:\/\/www.calypso-service.com:80\/img\/pictures_contents\/thumb\/ambulance-ville-calypso-tunisie_thumb.jpg\" alt=\"\" width=\"85\" height=\"65\" border=\"0\" \/><img loading=\"lazy\" decoding=\"async\" class=\"alignnone\" src=\"https:\/\/web.archive.org\/web\/20151203115437im_\/http:\/\/www.calypso-service.com:80\/img\/pictures_contents\/thumb\/ambulance-ville-calypso-tunisie-4_thumb.jpg\" alt=\"\" width=\"85\" height=\"65\" border=\"0\" \/><img loading=\"lazy\" decoding=\"async\" class=\"alignnone\" src=\"https:\/\/web.archive.org\/web\/20151203115437im_\/http:\/\/www.calypso-service.com:80\/img\/pictures_contents\/thumb\/ambulance-ville-calypso-tunisie-5_thumb.jpg\" alt=\"\" width=\"85\" height=\"65\" border=\"0\" \/><img loading=\"lazy\" decoding=\"async\" class=\"alignnone\" src=\"https:\/\/web.archive.org\/web\/20151203115437im_\/http:\/\/www.calypso-service.com:80\/img\/pictures_contents\/thumb\/ambulance-ville-calypso-tunisie-6_thumb.jpg\" alt=\"\" width=\"85\" height=\"65\" border=\"0\" \/><\/div>\n<div class=\"pichotel-thumb\"><\/div>\n<div class=\"pichotel-thumb\"><\/div>\n<div class=\"pichotel-thumb\"><\/div>\n<div class=\"pichotel-thumb\"><img loading=\"lazy\" decoding=\"async\" class=\"alignnone\" src=\"https:\/\/web.archive.org\/web\/20151203115437im_\/http:\/\/www.calypso-service.com:80\/img\/pictures_contents\/thumb\/ambulance-ville-calypso-tunisie-7_thumb.jpg\" alt=\"\" width=\"85\" height=\"65\" border=\"0\" \/><img loading=\"lazy\" decoding=\"async\" class=\"alignnone\" src=\"https:\/\/web.archive.org\/web\/20151203115437im_\/http:\/\/www.calypso-service.com:80\/img\/pictures_contents\/thumb\/ambulance-ville-calypso-tunisie-8_thumb.jpg\" alt=\"\" width=\"85\" height=\"65\" border=\"0\" \/><img loading=\"lazy\" decoding=\"async\" class=\"alignnone\" src=\"https:\/\/web.archive.org\/web\/20151203115437im_\/http:\/\/www.calypso-service.com:80\/img\/pictures_contents\/thumb\/ambulance-ville-calypso-tunisie-9_thumb.jpg\" alt=\"\" width=\"85\" height=\"65\" border=\"0\" \/><img loading=\"lazy\" decoding=\"async\" class=\"alignnone\" src=\"https:\/\/web.archive.org\/web\/20151203115437im_\/http:\/\/www.calypso-service.com:80\/img\/pictures_contents\/thumb\/ambulance-ville-calypso-tunisie-10_thumb.jpg\" alt=\"\" width=\"85\" height=\"65\" border=\"0\" \/><\/div>\n<div class=\"pichotel-thumb\"><\/div>\n<div class=\"pichotel-thumb\"><\/div>\n<div class=\"pichotel-thumb\"><\/div>\n<\/div>\n<\/div>\n","protected":false},"excerpt":{"rendered":"<p>Calypso Services\u00a0met \u00e0 la disposition de ses clients \u00e9galement des ambulances ville de secours et de soins d&#8217;urgence d\u00e9di\u00e9es au transport m\u00e9dical dans les zones urbaines et interurbaines qui r\u00e9pondent aux exigences m\u00e9dicales, et de s\u00e9curit\u00e9. Ainsi elles sont con\u00e7ues et \u00e9quip\u00e9es de mani\u00e8re normalis\u00e9e en mati\u00e8re d&#8217;\u00e9quipements m\u00e9dicaux, d\u2019installation \u00e9lectrique et sanitaire, de dispositifs&nbsp;&hellip;<\/p>\n","protected":false},"author":1,"featured_media":0,"parent":0,"menu_order":0,"comment_status":"closed","ping_status":"closed","template":"","meta":{"footnotes":""},"class_list":["post-31","page","type-page","status-publish","hentry"],"yoast_head":"<!-- This site is optimized with the Yoast SEO plugin v22.4 - https:\/\/yoast.com\/wordpress\/plugins\/seo\/ -->\n<title>Ambulances Ville - Calypso Services<\/title>\n<meta name=\"robots\" content=\"index, follow, max-snippet:-1, max-image-preview:large, max-video-preview:-1\" \/>\n<link rel=\"canonical\" href=\"http:\/\/calypso-service.com\/index.php\/ambulance-ville\/\" \/>\n<meta property=\"og:locale\" content=\"fr_FR\" \/>\n<meta property=\"og:type\" content=\"article\" \/>\n<meta property=\"og:title\" content=\"Ambulances Ville - Calypso Services\" \/>\n<meta property=\"og:description\" content=\"Calypso Services\u00a0met \u00e0 la disposition de ses clients \u00e9galement des ambulances ville de secours et de soins d&#8217;urgence d\u00e9di\u00e9es au transport m\u00e9dical dans les zones urbaines et interurbaines qui r\u00e9pondent aux exigences m\u00e9dicales, et de s\u00e9curit\u00e9. Ainsi elles sont con\u00e7ues et \u00e9quip\u00e9es de mani\u00e8re normalis\u00e9e en mati\u00e8re d&#8217;\u00e9quipements m\u00e9dicaux, d\u2019installation \u00e9lectrique et sanitaire, de dispositifs&nbsp;&hellip;\" \/>\n<meta property=\"og:url\" content=\"http:\/\/calypso-service.com\/index.php\/ambulance-ville\/\" \/>\n<meta property=\"og:site_name\" content=\"Calypso Services\" \/>\n<meta property=\"article:publisher\" content=\"https:\/\/www.facebook.com\/Calypso.Service\/\" \/>\n<meta property=\"article:modified_time\" content=\"2018-11-23T10:37:13+00:00\" \/>\n<meta property=\"og:image\" content=\"https:\/\/web.archive.org\/web\/20151203115437im_\/http:\/\/www.calypso-service.com:80\/img\/pictures_contents\/ambulance-ville-calypso-tunisie.jpg\" \/>\n<meta name=\"twitter:card\" content=\"summary_large_image\" \/>\n<meta name=\"twitter:label1\" content=\"Dur\u00e9e de lecture est.\" \/>\n\t<meta name=\"twitter:data1\" content=\"1 minute\" \/>\n<script type=\"application\/ld+json\" class=\"yoast-schema-graph\">{\"@context\":\"https:\/\/schema.org\",\"@graph\":[{\"@type\":\"WebPage\",\"@id\":\"http:\/\/calypso-service.com\/index.php\/ambulance-ville\/\",\"url\":\"http:\/\/calypso-service.com\/index.php\/ambulance-ville\/\",\"name\":\"Ambulances Ville - Calypso Services\",\"isPartOf\":{\"@id\":\"https:\/\/calypso-service.com\/#website\"},\"primaryImageOfPage\":{\"@id\":\"http:\/\/calypso-service.com\/index.php\/ambulance-ville\/#primaryimage\"},\"image\":{\"@id\":\"http:\/\/calypso-service.com\/index.php\/ambulance-ville\/#primaryimage\"},\"thumbnailUrl\":\"https:\/\/web.archive.org\/web\/20151203115437im_\/http:\/\/www.calypso-service.com:80\/img\/pictures_contents\/ambulance-ville-calypso-tunisie.jpg\",\"datePublished\":\"2018-11-15T15:20:47+00:00\",\"dateModified\":\"2018-11-23T10:37:13+00:00\",\"breadcrumb\":{\"@id\":\"http:\/\/calypso-service.com\/index.php\/ambulance-ville\/#breadcrumb\"},\"inLanguage\":\"fr-BE\",\"potentialAction\":[{\"@type\":\"ReadAction\",\"target\":[\"http:\/\/calypso-service.com\/index.php\/ambulance-ville\/\"]}]},{\"@type\":\"ImageObject\",\"inLanguage\":\"fr-BE\",\"@id\":\"http:\/\/calypso-service.com\/index.php\/ambulance-ville\/#primaryimage\",\"url\":\"https:\/\/web.archive.org\/web\/20151203115437im_\/http:\/\/www.calypso-service.com:80\/img\/pictures_contents\/ambulance-ville-calypso-tunisie.jpg\",\"contentUrl\":\"https:\/\/web.archive.org\/web\/20151203115437im_\/http:\/\/www.calypso-service.com:80\/img\/pictures_contents\/ambulance-ville-calypso-tunisie.jpg\"},{\"@type\":\"BreadcrumbList\",\"@id\":\"http:\/\/calypso-service.com\/index.php\/ambulance-ville\/#breadcrumb\",\"itemListElement\":[{\"@type\":\"ListItem\",\"position\":1,\"name\":\"Accueil\",\"item\":\"https:\/\/calypso-service.com\/\"},{\"@type\":\"ListItem\",\"position\":2,\"name\":\"Ambulances Ville\"}]},{\"@type\":\"WebSite\",\"@id\":\"https:\/\/calypso-service.com\/#website\",\"url\":\"https:\/\/calypso-service.com\/\",\"name\":\"Calypso Services\",\"description\":\"Assistance M\u00e9dicale en Tunisie\",\"publisher\":{\"@id\":\"https:\/\/calypso-service.com\/#organization\"},\"potentialAction\":[{\"@type\":\"SearchAction\",\"target\":{\"@type\":\"EntryPoint\",\"urlTemplate\":\"https:\/\/calypso-service.com\/?s={search_term_string}\"},\"query-input\":\"required name=search_term_string\"}],\"inLanguage\":\"fr-BE\"},{\"@type\":\"Organization\",\"@id\":\"https:\/\/calypso-service.com\/#organization\",\"name\":\"Calypso Services\",\"url\":\"https:\/\/calypso-service.com\/\",\"logo\":{\"@type\":\"ImageObject\",\"inLanguage\":\"fr-BE\",\"@id\":\"https:\/\/calypso-service.com\/#\/schema\/logo\/image\/\",\"url\":\"https:\/\/calypso-service.com\/wp-content\/uploads\/2018\/12\/cropped-Sans-titre-1-2.png\",\"contentUrl\":\"https:\/\/calypso-service.com\/wp-content\/uploads\/2018\/12\/cropped-Sans-titre-1-2.png\",\"width\":150,\"height\":70,\"caption\":\"Calypso Services\"},\"image\":{\"@id\":\"https:\/\/calypso-service.com\/#\/schema\/logo\/image\/\"},\"sameAs\":[\"https:\/\/www.facebook.com\/Calypso.Service\/\",\"https:\/\/www.linkedin.com\/company\/calypsoservices\"]}]}<\/script>\n<!-- \/ Yoast SEO plugin. -->","yoast_head_json":{"title":"Ambulances Ville - Calypso Services","robots":{"index":"index","follow":"follow","max-snippet":"max-snippet:-1","max-image-preview":"max-image-preview:large","max-video-preview":"max-video-preview:-1"},"canonical":"http:\/\/calypso-service.com\/index.php\/ambulance-ville\/","og_locale":"fr_FR","og_type":"article","og_title":"Ambulances Ville - Calypso Services","og_description":"Calypso Services\u00a0met \u00e0 la disposition de ses clients \u00e9galement des ambulances ville de secours et de soins d&#8217;urgence d\u00e9di\u00e9es au transport m\u00e9dical dans les zones urbaines et interurbaines qui r\u00e9pondent aux exigences m\u00e9dicales, et de s\u00e9curit\u00e9. Ainsi elles sont con\u00e7ues et \u00e9quip\u00e9es de mani\u00e8re normalis\u00e9e en mati\u00e8re d&#8217;\u00e9quipements m\u00e9dicaux, d\u2019installation \u00e9lectrique et sanitaire, de dispositifs&nbsp;&hellip;","og_url":"http:\/\/calypso-service.com\/index.php\/ambulance-ville\/","og_site_name":"Calypso Services","article_publisher":"https:\/\/www.facebook.com\/Calypso.Service\/","article_modified_time":"2018-11-23T10:37:13+00:00","og_image":[{"url":"https:\/\/web.archive.org\/web\/20151203115437im_\/http:\/\/www.calypso-service.com:80\/img\/pictures_contents\/ambulance-ville-calypso-tunisie.jpg"}],"twitter_card":"summary_large_image","twitter_misc":{"Dur\u00e9e de lecture est.":"1 minute"},"schema":{"@context":"https:\/\/schema.org","@graph":[{"@type":"WebPage","@id":"http:\/\/calypso-service.com\/index.php\/ambulance-ville\/","url":"http:\/\/calypso-service.com\/index.php\/ambulance-ville\/","name":"Ambulances Ville - Calypso Services","isPartOf":{"@id":"https:\/\/calypso-service.com\/#website"},"primaryImageOfPage":{"@id":"http:\/\/calypso-service.com\/index.php\/ambulance-ville\/#primaryimage"},"image":{"@id":"http:\/\/calypso-service.com\/index.php\/ambulance-ville\/#primaryimage"},"thumbnailUrl":"https:\/\/web.archive.org\/web\/20151203115437im_\/http:\/\/www.calypso-service.com:80\/img\/pictures_contents\/ambulance-ville-calypso-tunisie.jpg","datePublished":"2018-11-15T15:20:47+00:00","dateModified":"2018-11-23T10:37:13+00:00","breadcrumb":{"@id":"http:\/\/calypso-service.com\/index.php\/ambulance-ville\/#breadcrumb"},"inLanguage":"fr-BE","potentialAction":[{"@type":"ReadAction","target":["http:\/\/calypso-service.com\/index.php\/ambulance-ville\/"]}]},{"@type":"ImageObject","inLanguage":"fr-BE","@id":"http:\/\/calypso-service.com\/index.php\/ambulance-ville\/#primaryimage","url":"https:\/\/web.archive.org\/web\/20151203115437im_\/http:\/\/www.calypso-service.com:80\/img\/pictures_contents\/ambulance-ville-calypso-tunisie.jpg","contentUrl":"https:\/\/web.archive.org\/web\/20151203115437im_\/http:\/\/www.calypso-service.com:80\/img\/pictures_contents\/ambulance-ville-calypso-tunisie.jpg"},{"@type":"BreadcrumbList","@id":"http:\/\/calypso-service.com\/index.php\/ambulance-ville\/#breadcrumb","itemListElement":[{"@type":"ListItem","position":1,"name":"Accueil","item":"https:\/\/calypso-service.com\/"},{"@type":"ListItem","position":2,"name":"Ambulances Ville"}]},{"@type":"WebSite","@id":"https:\/\/calypso-service.com\/#website","url":"https:\/\/calypso-service.com\/","name":"Calypso Services","description":"Assistance M\u00e9dicale en Tunisie","publisher":{"@id":"https:\/\/calypso-service.com\/#organization"},"potentialAction":[{"@type":"SearchAction","target":{"@type":"EntryPoint","urlTemplate":"https:\/\/calypso-service.com\/?s={search_term_string}"},"query-input":"required name=search_term_string"}],"inLanguage":"fr-BE"},{"@type":"Organization","@id":"https:\/\/calypso-service.com\/#organization","name":"Calypso Services","url":"https:\/\/calypso-service.com\/","logo":{"@type":"ImageObject","inLanguage":"fr-BE","@id":"https:\/\/calypso-service.com\/#\/schema\/logo\/image\/","url":"https:\/\/calypso-service.com\/wp-content\/uploads\/2018\/12\/cropped-Sans-titre-1-2.png","contentUrl":"https:\/\/calypso-service.com\/wp-content\/uploads\/2018\/12\/cropped-Sans-titre-1-2.png","width":150,"height":70,"caption":"Calypso Services"},"image":{"@id":"https:\/\/calypso-service.com\/#\/schema\/logo\/image\/"},"sameAs":["https:\/\/www.facebook.com\/Calypso.Service\/","https:\/\/www.linkedin.com\/company\/calypsoservices"]}]}},"_links":{"self":[{"href":"https:\/\/calypso-service.com\/index.php\/wp-json\/wp\/v2\/pages\/31","targetHints":{"allow":["GET"]}}],"collection":[{"href":"https:\/\/calypso-service.com\/index.php\/wp-json\/wp\/v2\/pages"}],"about":[{"href":"https:\/\/calypso-service.com\/index.php\/wp-json\/wp\/v2\/types\/page"}],"author":[{"embeddable":true,"href":"https:\/\/calypso-service.com\/index.php\/wp-json\/wp\/v2\/users\/1"}],"replies":[{"embeddable":true,"href":"https:\/\/calypso-service.com\/index.php\/wp-json\/wp\/v2\/comments?post=31"}],"version-history":[{"count":5,"href":"https:\/\/calypso-service.com\/index.php\/wp-json\/wp\/v2\/pages\/31\/revisions"}],"predecessor-version":[{"id":121,"href":"https:\/\/calypso-service.com\/index.php\/wp-json\/wp\/v2\/pages\/31\/revisions\/121"}],"wp:attachment":[{"href":"https:\/\/calypso-service.com\/index.php\/wp-json\/wp\/v2\/media?parent=31"}],"curies":[{"name":"wp","href":"https:\/\/api.w.org\/{rel}","templated":true}]}}