{"id":29,"date":"2018-11-15T15:21:36","date_gmt":"2018-11-15T14:21:36","guid":{"rendered":"http:\/\/calypso-service.com\/?page_id=29"},"modified":"2018-11-21T11:08:30","modified_gmt":"2018-11-21T10:08:30","slug":"ambulances-4x4","status":"publish","type":"page","link":"https:\/\/calypso-service.com\/index.php\/ambulances-4x4\/","title":{"rendered":"Ambulances 4&#215;4"},"content":{"rendered":"<p><strong>Calypso Services<\/strong>\u00a0met \u00e0 votre disposition des ambulances 4&#215;4 tout terrain destin\u00e9es \u00e0 une activit\u00e9 m\u00e9dicale sur des sites difficiles tels que les sites de forage et de prospection pour les soci\u00e9t\u00e9s p\u00e9troli\u00e8res, les sites d&#8217;extraction des produits miniers ou sur des grands chantiers de construction.<\/p>\n<p>Les Ambulances 4&#215;4 de Calypso Services r\u00e9pondent aux exigences m\u00e9dicales, et de s\u00e9curit\u00e9. Elles sont con\u00e7ues et \u00e9quip\u00e9es de mani\u00e8re normalis\u00e9e en mati\u00e8re d&#8217;\u00e9quipements m\u00e9dicaux, d\u2019installation \u00e9lectrique et sanitaire, de dispositifs de s\u00e9curit\u00e9 et de confort. Elles sont am\u00e9nag\u00e9es pour s&#8217;adapter \u00e0 la nature et aux sp\u00e9cificit\u00e9s des sites. Elles sont \u00e9quip\u00e9es par le syst\u00e8me GPS\/GPRS pour nous permettre de contr\u00f4ler la qualit\u00e9 de conduite de nos ambulanciers et d\u2019assurer un suivi et une ma\u00eetrise totale de nos v\u00e9hicules afin d&#8217;optimiser leur utilisation et leur productivit\u00e9.<\/p>\n<p>Nos ambulances assurent le confort et la s\u00e9curit\u00e9 des usagers gr\u00e2ce \u00e0 leur conception et \u00e0 leurs \u00e9quipements: air conditionn\u00e9, direction assist\u00e9e, vitres teint\u00e9es, arceaux de s\u00e9curit\u00e9, \u00e9quipement m\u00e9dical (brancard, oxyg\u00e8ne m\u00e9dical, attelles, matelas coquille, civi\u00e8re de ramassage, collier cervical, sac d&#8217;urgence,&#8230;).<\/p>\n","protected":false},"excerpt":{"rendered":"<p>Calypso Services\u00a0met \u00e0 votre disposition des ambulances 4&#215;4 tout terrain destin\u00e9es \u00e0 une activit\u00e9 m\u00e9dicale sur des sites difficiles tels que les sites de forage et de prospection pour les soci\u00e9t\u00e9s p\u00e9troli\u00e8res, les sites d&#8217;extraction des produits miniers ou sur des grands chantiers de construction. Les Ambulances 4&#215;4 de Calypso Services r\u00e9pondent aux exigences m\u00e9dicales,&nbsp;&hellip;<\/p>\n","protected":false},"author":1,"featured_media":0,"parent":0,"menu_order":0,"comment_status":"closed","ping_status":"closed","template":"","meta":{"footnotes":""},"class_list":["post-29","page","type-page","status-publish","hentry"],"yoast_head":"<!-- This site is optimized with the Yoast SEO plugin v22.4 - https:\/\/yoast.com\/wordpress\/plugins\/seo\/ -->\n<title>Ambulances 4x4 - Calypso Services<\/title>\n<meta name=\"robots\" content=\"index, follow, max-snippet:-1, max-image-preview:large, max-video-preview:-1\" \/>\n<link rel=\"canonical\" href=\"https:\/\/calypso-service.com\/index.php\/ambulances-4x4\/\" \/>\n<meta property=\"og:locale\" content=\"fr_FR\" \/>\n<meta property=\"og:type\" content=\"article\" \/>\n<meta property=\"og:title\" content=\"Ambulances 4x4 - Calypso Services\" \/>\n<meta property=\"og:description\" content=\"Calypso Services\u00a0met \u00e0 votre disposition des ambulances 4&#215;4 tout terrain destin\u00e9es \u00e0 une activit\u00e9 m\u00e9dicale sur des sites difficiles tels que les sites de forage et de prospection pour les soci\u00e9t\u00e9s p\u00e9troli\u00e8res, les sites d&#8217;extraction des produits miniers ou sur des grands chantiers de construction. Les Ambulances 4&#215;4 de Calypso Services r\u00e9pondent aux exigences m\u00e9dicales,&nbsp;&hellip;\" \/>\n<meta property=\"og:url\" content=\"https:\/\/calypso-service.com\/index.php\/ambulances-4x4\/\" \/>\n<meta property=\"og:site_name\" content=\"Calypso Services\" \/>\n<meta property=\"article:publisher\" content=\"https:\/\/www.facebook.com\/Calypso.Service\/\" \/>\n<meta property=\"article:modified_time\" content=\"2018-11-21T10:08:30+00:00\" \/>\n<meta name=\"twitter:card\" content=\"summary_large_image\" \/>\n<meta name=\"twitter:label1\" content=\"Dur\u00e9e de lecture est.\" \/>\n\t<meta name=\"twitter:data1\" content=\"1 minute\" \/>\n<script type=\"application\/ld+json\" class=\"yoast-schema-graph\">{\"@context\":\"https:\/\/schema.org\",\"@graph\":[{\"@type\":\"WebPage\",\"@id\":\"https:\/\/calypso-service.com\/index.php\/ambulances-4x4\/\",\"url\":\"https:\/\/calypso-service.com\/index.php\/ambulances-4x4\/\",\"name\":\"Ambulances 4x4 - Calypso Services\",\"isPartOf\":{\"@id\":\"https:\/\/calypso-service.com\/#website\"},\"datePublished\":\"2018-11-15T14:21:36+00:00\",\"dateModified\":\"2018-11-21T10:08:30+00:00\",\"breadcrumb\":{\"@id\":\"https:\/\/calypso-service.com\/index.php\/ambulances-4x4\/#breadcrumb\"},\"inLanguage\":\"fr-BE\",\"potentialAction\":[{\"@type\":\"ReadAction\",\"target\":[\"https:\/\/calypso-service.com\/index.php\/ambulances-4x4\/\"]}]},{\"@type\":\"BreadcrumbList\",\"@id\":\"https:\/\/calypso-service.com\/index.php\/ambulances-4x4\/#breadcrumb\",\"itemListElement\":[{\"@type\":\"ListItem\",\"position\":1,\"name\":\"Accueil\",\"item\":\"https:\/\/calypso-service.com\/\"},{\"@type\":\"ListItem\",\"position\":2,\"name\":\"Ambulances 4&#215;4\"}]},{\"@type\":\"WebSite\",\"@id\":\"https:\/\/calypso-service.com\/#website\",\"url\":\"https:\/\/calypso-service.com\/\",\"name\":\"Calypso Services\",\"description\":\"Assistance M\u00e9dicale en Tunisie\",\"publisher\":{\"@id\":\"https:\/\/calypso-service.com\/#organization\"},\"potentialAction\":[{\"@type\":\"SearchAction\",\"target\":{\"@type\":\"EntryPoint\",\"urlTemplate\":\"https:\/\/calypso-service.com\/?s={search_term_string}\"},\"query-input\":\"required name=search_term_string\"}],\"inLanguage\":\"fr-BE\"},{\"@type\":\"Organization\",\"@id\":\"https:\/\/calypso-service.com\/#organization\",\"name\":\"Calypso Services\",\"url\":\"https:\/\/calypso-service.com\/\",\"logo\":{\"@type\":\"ImageObject\",\"inLanguage\":\"fr-BE\",\"@id\":\"https:\/\/calypso-service.com\/#\/schema\/logo\/image\/\",\"url\":\"https:\/\/calypso-service.com\/wp-content\/uploads\/2018\/12\/cropped-Sans-titre-1-2.png\",\"contentUrl\":\"https:\/\/calypso-service.com\/wp-content\/uploads\/2018\/12\/cropped-Sans-titre-1-2.png\",\"width\":150,\"height\":70,\"caption\":\"Calypso Services\"},\"image\":{\"@id\":\"https:\/\/calypso-service.com\/#\/schema\/logo\/image\/\"},\"sameAs\":[\"https:\/\/www.facebook.com\/Calypso.Service\/\",\"https:\/\/www.linkedin.com\/company\/calypsoservices\"]}]}<\/script>\n<!-- \/ Yoast SEO plugin. -->","yoast_head_json":{"title":"Ambulances 4x4 - Calypso Services","robots":{"index":"index","follow":"follow","max-snippet":"max-snippet:-1","max-image-preview":"max-image-preview:large","max-video-preview":"max-video-preview:-1"},"canonical":"https:\/\/calypso-service.com\/index.php\/ambulances-4x4\/","og_locale":"fr_FR","og_type":"article","og_title":"Ambulances 4x4 - Calypso Services","og_description":"Calypso Services\u00a0met \u00e0 votre disposition des ambulances 4&#215;4 tout terrain destin\u00e9es \u00e0 une activit\u00e9 m\u00e9dicale sur des sites difficiles tels que les sites de forage et de prospection pour les soci\u00e9t\u00e9s p\u00e9troli\u00e8res, les sites d&#8217;extraction des produits miniers ou sur des grands chantiers de construction. Les Ambulances 4&#215;4 de Calypso Services r\u00e9pondent aux exigences m\u00e9dicales,&nbsp;&hellip;","og_url":"https:\/\/calypso-service.com\/index.php\/ambulances-4x4\/","og_site_name":"Calypso Services","article_publisher":"https:\/\/www.facebook.com\/Calypso.Service\/","article_modified_time":"2018-11-21T10:08:30+00:00","twitter_card":"summary_large_image","twitter_misc":{"Dur\u00e9e de lecture est.":"1 minute"},"schema":{"@context":"https:\/\/schema.org","@graph":[{"@type":"WebPage","@id":"https:\/\/calypso-service.com\/index.php\/ambulances-4x4\/","url":"https:\/\/calypso-service.com\/index.php\/ambulances-4x4\/","name":"Ambulances 4x4 - Calypso Services","isPartOf":{"@id":"https:\/\/calypso-service.com\/#website"},"datePublished":"2018-11-15T14:21:36+00:00","dateModified":"2018-11-21T10:08:30+00:00","breadcrumb":{"@id":"https:\/\/calypso-service.com\/index.php\/ambulances-4x4\/#breadcrumb"},"inLanguage":"fr-BE","potentialAction":[{"@type":"ReadAction","target":["https:\/\/calypso-service.com\/index.php\/ambulances-4x4\/"]}]},{"@type":"BreadcrumbList","@id":"https:\/\/calypso-service.com\/index.php\/ambulances-4x4\/#breadcrumb","itemListElement":[{"@type":"ListItem","position":1,"name":"Accueil","item":"https:\/\/calypso-service.com\/"},{"@type":"ListItem","position":2,"name":"Ambulances 4&#215;4"}]},{"@type":"WebSite","@id":"https:\/\/calypso-service.com\/#website","url":"https:\/\/calypso-service.com\/","name":"Calypso Services","description":"Assistance M\u00e9dicale en Tunisie","publisher":{"@id":"https:\/\/calypso-service.com\/#organization"},"potentialAction":[{"@type":"SearchAction","target":{"@type":"EntryPoint","urlTemplate":"https:\/\/calypso-service.com\/?s={search_term_string}"},"query-input":"required name=search_term_string"}],"inLanguage":"fr-BE"},{"@type":"Organization","@id":"https:\/\/calypso-service.com\/#organization","name":"Calypso Services","url":"https:\/\/calypso-service.com\/","logo":{"@type":"ImageObject","inLanguage":"fr-BE","@id":"https:\/\/calypso-service.com\/#\/schema\/logo\/image\/","url":"https:\/\/calypso-service.com\/wp-content\/uploads\/2018\/12\/cropped-Sans-titre-1-2.png","contentUrl":"https:\/\/calypso-service.com\/wp-content\/uploads\/2018\/12\/cropped-Sans-titre-1-2.png","width":150,"height":70,"caption":"Calypso Services"},"image":{"@id":"https:\/\/calypso-service.com\/#\/schema\/logo\/image\/"},"sameAs":["https:\/\/www.facebook.com\/Calypso.Service\/","https:\/\/www.linkedin.com\/company\/calypsoservices"]}]}},"_links":{"self":[{"href":"https:\/\/calypso-service.com\/index.php\/wp-json\/wp\/v2\/pages\/29","targetHints":{"allow":["GET"]}}],"collection":[{"href":"https:\/\/calypso-service.com\/index.php\/wp-json\/wp\/v2\/pages"}],"about":[{"href":"https:\/\/calypso-service.com\/index.php\/wp-json\/wp\/v2\/types\/page"}],"author":[{"embeddable":true,"href":"https:\/\/calypso-service.com\/index.php\/wp-json\/wp\/v2\/users\/1"}],"replies":[{"embeddable":true,"href":"https:\/\/calypso-service.com\/index.php\/wp-json\/wp\/v2\/comments?post=29"}],"version-history":[{"count":3,"href":"https:\/\/calypso-service.com\/index.php\/wp-json\/wp\/v2\/pages\/29\/revisions"}],"predecessor-version":[{"id":102,"href":"https:\/\/calypso-service.com\/index.php\/wp-json\/wp\/v2\/pages\/29\/revisions\/102"}],"wp:attachment":[{"href":"https:\/\/calypso-service.com\/index.php\/wp-json\/wp\/v2\/media?parent=29"}],"curies":[{"name":"wp","href":"https:\/\/api.w.org\/{rel}","templated":true}]}}