{"id":22,"date":"2018-11-15T15:16:48","date_gmt":"2018-11-15T14:16:48","guid":{"rendered":"http:\/\/calypso-service.com\/?page_id=22"},"modified":"2018-11-15T15:16:48","modified_gmt":"2018-11-15T14:16:48","slug":"assistance-technique","status":"publish","type":"page","link":"https:\/\/calypso-service.com\/index.php\/assistance-technique\/","title":{"rendered":"Assistance Technique"},"content":{"rendered":"<p>Calypso Services vous propose un service d&#8217;assistance technique professionnel assur\u00e9 en partenariat avec d\u2019autres soci\u00e9t\u00e9s d\u2019assistance en Tunisie et ceci par:<\/p>\n<p><strong>L&#8217;Assistance M\u00e9dicale:<\/strong><br \/>\nLes op\u00e9rations d&#8217;assistance m\u00e9dicale couvrent les missions de couvertures m\u00e9dicales, des transports m\u00e9dicalis\u00e9s, des rapatriements et des \u00e9vacuations sanitaires. Elles concernent aussi le domaine de l\u2019assistance m\u00e9dicale \u00e0 domicile et le conseil en s\u00e9curit\u00e9 m\u00e9dicale.<br \/>\nEn nous confiant l\u2019assistance m\u00e9dicale de votre entreprise et de vos collaborateurs, vous faites appel \u00e0 des professionnels disposant des comp\u00e9tences, moyens et organisation n\u00e9cessaires pour pallier tous les risques potentiels et au d\u00e9veloppement de votre activit\u00e9.<\/p>\n<p><strong>L&#8217;Assistance aux V\u00e9hicules:<\/strong><br \/>\nLes op\u00e9rations d&#8217;assistance aux v\u00e9hicules int\u00e8grent le rapatriement de v\u00e9hicules, la mise \u00e0 disposition de v\u00e9hicules de remplacement, le d\u00e9pannage-remorquage. Elles englobent aussi le d\u00e9douanement des v\u00e9hicules pour les non r\u00e9sidents et le d\u00e9douanement des pi\u00e8ces de rechange n\u00e9cessaires pour la r\u00e9paration des v\u00e9hicules des \u00e9trangers et des immigr\u00e9s en panne sur le territoire tunisien.<\/p>\n<p><strong>L&#8217;Assistance aux Voyageurs:<\/strong><br \/>\nCalypso Services se charge de vous assister pendant votre s\u00e9jour, de vous r\u00e9server et de vous \u00e9mettre des billets d&#8217;avion, trouver et r\u00e9server l&#8217;h\u00f4tel ou le logement le plus adapt\u00e9, assurer vos transferts et vos d\u00e9placements (en taxi ou par location de voiture), de vous aider dans vos d\u00e9marches de d\u00e9tente (tourisme, loisirs, spectacles, restaurants, culture, etc.). Toutes ces op\u00e9rations seront effectu\u00e9es en synergie avec notre filiale Evasion Travel.<\/p>\n","protected":false},"excerpt":{"rendered":"<p>Calypso Services vous propose un service d&#8217;assistance technique professionnel assur\u00e9 en partenariat avec d\u2019autres soci\u00e9t\u00e9s d\u2019assistance en Tunisie et ceci par: L&#8217;Assistance M\u00e9dicale: Les op\u00e9rations d&#8217;assistance m\u00e9dicale couvrent les missions de couvertures m\u00e9dicales, des transports m\u00e9dicalis\u00e9s, des rapatriements et des \u00e9vacuations sanitaires. Elles concernent aussi le domaine de l\u2019assistance m\u00e9dicale \u00e0 domicile et le conseil&nbsp;&hellip;<\/p>\n","protected":false},"author":1,"featured_media":0,"parent":0,"menu_order":0,"comment_status":"closed","ping_status":"closed","template":"","meta":{"footnotes":""},"class_list":["post-22","page","type-page","status-publish","hentry"],"yoast_head":"<!-- This site is optimized with the Yoast SEO plugin v22.4 - https:\/\/yoast.com\/wordpress\/plugins\/seo\/ -->\n<title>Assistance Technique - Calypso Services<\/title>\n<meta name=\"robots\" content=\"index, follow, max-snippet:-1, max-image-preview:large, max-video-preview:-1\" \/>\n<link rel=\"canonical\" href=\"http:\/\/calypso-service.com\/index.php\/assistance-technique\/\" \/>\n<meta property=\"og:locale\" content=\"fr_FR\" \/>\n<meta property=\"og:type\" content=\"article\" \/>\n<meta property=\"og:title\" content=\"Assistance Technique - Calypso Services\" \/>\n<meta property=\"og:description\" content=\"Calypso Services vous propose un service d&#8217;assistance technique professionnel assur\u00e9 en partenariat avec d\u2019autres soci\u00e9t\u00e9s d\u2019assistance en Tunisie et ceci par: L&#8217;Assistance M\u00e9dicale: Les op\u00e9rations d&#8217;assistance m\u00e9dicale couvrent les missions de couvertures m\u00e9dicales, des transports m\u00e9dicalis\u00e9s, des rapatriements et des \u00e9vacuations sanitaires. Elles concernent aussi le domaine de l\u2019assistance m\u00e9dicale \u00e0 domicile et le conseil&nbsp;&hellip;\" \/>\n<meta property=\"og:url\" content=\"http:\/\/calypso-service.com\/index.php\/assistance-technique\/\" \/>\n<meta property=\"og:site_name\" content=\"Calypso Services\" \/>\n<meta property=\"article:publisher\" content=\"https:\/\/www.facebook.com\/Calypso.Service\/\" \/>\n<meta name=\"twitter:card\" content=\"summary_large_image\" \/>\n<meta name=\"twitter:label1\" content=\"Dur\u00e9e de lecture est.\" \/>\n\t<meta name=\"twitter:data1\" content=\"1 minute\" \/>\n<script type=\"application\/ld+json\" class=\"yoast-schema-graph\">{\"@context\":\"https:\/\/schema.org\",\"@graph\":[{\"@type\":\"WebPage\",\"@id\":\"http:\/\/calypso-service.com\/index.php\/assistance-technique\/\",\"url\":\"http:\/\/calypso-service.com\/index.php\/assistance-technique\/\",\"name\":\"Assistance Technique - Calypso Services\",\"isPartOf\":{\"@id\":\"https:\/\/calypso-service.com\/#website\"},\"datePublished\":\"2018-11-15T14:16:48+00:00\",\"dateModified\":\"2018-11-15T14:16:48+00:00\",\"breadcrumb\":{\"@id\":\"http:\/\/calypso-service.com\/index.php\/assistance-technique\/#breadcrumb\"},\"inLanguage\":\"fr-BE\",\"potentialAction\":[{\"@type\":\"ReadAction\",\"target\":[\"http:\/\/calypso-service.com\/index.php\/assistance-technique\/\"]}]},{\"@type\":\"BreadcrumbList\",\"@id\":\"http:\/\/calypso-service.com\/index.php\/assistance-technique\/#breadcrumb\",\"itemListElement\":[{\"@type\":\"ListItem\",\"position\":1,\"name\":\"Accueil\",\"item\":\"https:\/\/calypso-service.com\/\"},{\"@type\":\"ListItem\",\"position\":2,\"name\":\"Assistance Technique\"}]},{\"@type\":\"WebSite\",\"@id\":\"https:\/\/calypso-service.com\/#website\",\"url\":\"https:\/\/calypso-service.com\/\",\"name\":\"Calypso Services\",\"description\":\"Assistance M\u00e9dicale en Tunisie\",\"publisher\":{\"@id\":\"https:\/\/calypso-service.com\/#organization\"},\"potentialAction\":[{\"@type\":\"SearchAction\",\"target\":{\"@type\":\"EntryPoint\",\"urlTemplate\":\"https:\/\/calypso-service.com\/?s={search_term_string}\"},\"query-input\":\"required name=search_term_string\"}],\"inLanguage\":\"fr-BE\"},{\"@type\":\"Organization\",\"@id\":\"https:\/\/calypso-service.com\/#organization\",\"name\":\"Calypso Services\",\"url\":\"https:\/\/calypso-service.com\/\",\"logo\":{\"@type\":\"ImageObject\",\"inLanguage\":\"fr-BE\",\"@id\":\"https:\/\/calypso-service.com\/#\/schema\/logo\/image\/\",\"url\":\"https:\/\/calypso-service.com\/wp-content\/uploads\/2018\/12\/cropped-Sans-titre-1-2.png\",\"contentUrl\":\"https:\/\/calypso-service.com\/wp-content\/uploads\/2018\/12\/cropped-Sans-titre-1-2.png\",\"width\":150,\"height\":70,\"caption\":\"Calypso Services\"},\"image\":{\"@id\":\"https:\/\/calypso-service.com\/#\/schema\/logo\/image\/\"},\"sameAs\":[\"https:\/\/www.facebook.com\/Calypso.Service\/\",\"https:\/\/www.linkedin.com\/company\/calypsoservices\"]}]}<\/script>\n<!-- \/ Yoast SEO plugin. -->","yoast_head_json":{"title":"Assistance Technique - Calypso Services","robots":{"index":"index","follow":"follow","max-snippet":"max-snippet:-1","max-image-preview":"max-image-preview:large","max-video-preview":"max-video-preview:-1"},"canonical":"http:\/\/calypso-service.com\/index.php\/assistance-technique\/","og_locale":"fr_FR","og_type":"article","og_title":"Assistance Technique - Calypso Services","og_description":"Calypso Services vous propose un service d&#8217;assistance technique professionnel assur\u00e9 en partenariat avec d\u2019autres soci\u00e9t\u00e9s d\u2019assistance en Tunisie et ceci par: L&#8217;Assistance M\u00e9dicale: Les op\u00e9rations d&#8217;assistance m\u00e9dicale couvrent les missions de couvertures m\u00e9dicales, des transports m\u00e9dicalis\u00e9s, des rapatriements et des \u00e9vacuations sanitaires. Elles concernent aussi le domaine de l\u2019assistance m\u00e9dicale \u00e0 domicile et le conseil&nbsp;&hellip;","og_url":"http:\/\/calypso-service.com\/index.php\/assistance-technique\/","og_site_name":"Calypso Services","article_publisher":"https:\/\/www.facebook.com\/Calypso.Service\/","twitter_card":"summary_large_image","twitter_misc":{"Dur\u00e9e de lecture est.":"1 minute"},"schema":{"@context":"https:\/\/schema.org","@graph":[{"@type":"WebPage","@id":"http:\/\/calypso-service.com\/index.php\/assistance-technique\/","url":"http:\/\/calypso-service.com\/index.php\/assistance-technique\/","name":"Assistance Technique - Calypso Services","isPartOf":{"@id":"https:\/\/calypso-service.com\/#website"},"datePublished":"2018-11-15T14:16:48+00:00","dateModified":"2018-11-15T14:16:48+00:00","breadcrumb":{"@id":"http:\/\/calypso-service.com\/index.php\/assistance-technique\/#breadcrumb"},"inLanguage":"fr-BE","potentialAction":[{"@type":"ReadAction","target":["http:\/\/calypso-service.com\/index.php\/assistance-technique\/"]}]},{"@type":"BreadcrumbList","@id":"http:\/\/calypso-service.com\/index.php\/assistance-technique\/#breadcrumb","itemListElement":[{"@type":"ListItem","position":1,"name":"Accueil","item":"https:\/\/calypso-service.com\/"},{"@type":"ListItem","position":2,"name":"Assistance Technique"}]},{"@type":"WebSite","@id":"https:\/\/calypso-service.com\/#website","url":"https:\/\/calypso-service.com\/","name":"Calypso Services","description":"Assistance M\u00e9dicale en Tunisie","publisher":{"@id":"https:\/\/calypso-service.com\/#organization"},"potentialAction":[{"@type":"SearchAction","target":{"@type":"EntryPoint","urlTemplate":"https:\/\/calypso-service.com\/?s={search_term_string}"},"query-input":"required name=search_term_string"}],"inLanguage":"fr-BE"},{"@type":"Organization","@id":"https:\/\/calypso-service.com\/#organization","name":"Calypso Services","url":"https:\/\/calypso-service.com\/","logo":{"@type":"ImageObject","inLanguage":"fr-BE","@id":"https:\/\/calypso-service.com\/#\/schema\/logo\/image\/","url":"https:\/\/calypso-service.com\/wp-content\/uploads\/2018\/12\/cropped-Sans-titre-1-2.png","contentUrl":"https:\/\/calypso-service.com\/wp-content\/uploads\/2018\/12\/cropped-Sans-titre-1-2.png","width":150,"height":70,"caption":"Calypso Services"},"image":{"@id":"https:\/\/calypso-service.com\/#\/schema\/logo\/image\/"},"sameAs":["https:\/\/www.facebook.com\/Calypso.Service\/","https:\/\/www.linkedin.com\/company\/calypsoservices"]}]}},"_links":{"self":[{"href":"https:\/\/calypso-service.com\/index.php\/wp-json\/wp\/v2\/pages\/22","targetHints":{"allow":["GET"]}}],"collection":[{"href":"https:\/\/calypso-service.com\/index.php\/wp-json\/wp\/v2\/pages"}],"about":[{"href":"https:\/\/calypso-service.com\/index.php\/wp-json\/wp\/v2\/types\/page"}],"author":[{"embeddable":true,"href":"https:\/\/calypso-service.com\/index.php\/wp-json\/wp\/v2\/users\/1"}],"replies":[{"embeddable":true,"href":"https:\/\/calypso-service.com\/index.php\/wp-json\/wp\/v2\/comments?post=22"}],"version-history":[{"count":1,"href":"https:\/\/calypso-service.com\/index.php\/wp-json\/wp\/v2\/pages\/22\/revisions"}],"predecessor-version":[{"id":23,"href":"https:\/\/calypso-service.com\/index.php\/wp-json\/wp\/v2\/pages\/22\/revisions\/23"}],"wp:attachment":[{"href":"https:\/\/calypso-service.com\/index.php\/wp-json\/wp\/v2\/media?parent=22"}],"curies":[{"name":"wp","href":"https:\/\/api.w.org\/{rel}","templated":true}]}}