{"id":20,"date":"2018-11-15T15:15:59","date_gmt":"2018-11-15T14:15:59","guid":{"rendered":"http:\/\/calypso-service.com\/?page_id=20"},"modified":"2018-11-16T10:23:11","modified_gmt":"2018-11-16T09:23:11","slug":"transport-medicalise","status":"publish","type":"page","link":"https:\/\/calypso-service.com\/index.php\/services\/transport-medicalise\/","title":{"rendered":"Transport M\u00e9dicalis\u00e9"},"content":{"rendered":"<p><strong>Calypso Services<\/strong>\u00a0met \u00e0 votre disposition en tant que leader dans le march\u00e9 tunisien toutes ses comp\u00e9tences en mati\u00e8re de transport m\u00e9dicalis\u00e9 (rapatriement, \u00e9vacuation sanitaire) sur des sites professionnels tels que les zones de prospection et de forage p\u00e9troliers, les gisements miniers et les chantiers de construction. Notre soci\u00e9t\u00e9 intervient pour fournir toute la logistique sanitaire (ambulance 4&#215;4 \u00e9quip\u00e9e, unit\u00e9 m\u00e9dicale mobile (UMM) \u00e9quip\u00e9e, mat\u00e9riel m\u00e9dical et personnel qualifi\u00e9). De m\u00eame, nous effectuons le transport m\u00e9dicalis\u00e9 urbain, inter-urbain, et international de qualit\u00e9 avec des ambulances \u00e9quip\u00e9es et des avions m\u00e9dicalis\u00e9s selon les normes de la profession.<\/p>\n<p><strong>Calypso Services<\/strong>\u00a0propose \u00e0 ses clients un service de transport m\u00e9dicalis\u00e9 bas\u00e9 sur le respect de la personne transport\u00e9e et sur le s\u00e9rieux de la prestation.<\/p>\n<p>D\u00e9couvrez nos diff\u00e9rentes offres et prestations et n&#8217;h\u00e9sitez pas \u00e0 nous contacter pour toutes informations, renseignements ou \u00e9tude personnalis\u00e9e d&#8217;une demande sp\u00e9cifique.<\/p>\n","protected":false},"excerpt":{"rendered":"<p>Calypso Services\u00a0met \u00e0 votre disposition en tant que leader dans le march\u00e9 tunisien toutes ses comp\u00e9tences en mati\u00e8re de transport m\u00e9dicalis\u00e9 (rapatriement, \u00e9vacuation sanitaire) sur des sites professionnels tels que les zones de prospection et de forage p\u00e9troliers, les gisements miniers et les chantiers de construction. Notre soci\u00e9t\u00e9 intervient pour fournir toute la logistique sanitaire&nbsp;&hellip;<\/p>\n","protected":false},"author":1,"featured_media":0,"parent":70,"menu_order":0,"comment_status":"closed","ping_status":"closed","template":"","meta":{"footnotes":""},"class_list":["post-20","page","type-page","status-publish","hentry"],"yoast_head":"<!-- This site is optimized with the Yoast SEO plugin v22.4 - https:\/\/yoast.com\/wordpress\/plugins\/seo\/ -->\n<title>Transport M\u00e9dicalis\u00e9 - Calypso Services<\/title>\n<meta name=\"robots\" content=\"index, follow, max-snippet:-1, max-image-preview:large, max-video-preview:-1\" \/>\n<link rel=\"canonical\" href=\"https:\/\/calypso-service.com\/index.php\/services\/transport-medicalise\/\" \/>\n<meta property=\"og:locale\" content=\"fr_FR\" \/>\n<meta property=\"og:type\" content=\"article\" \/>\n<meta property=\"og:title\" content=\"Transport M\u00e9dicalis\u00e9 - Calypso Services\" \/>\n<meta property=\"og:description\" content=\"Calypso Services\u00a0met \u00e0 votre disposition en tant que leader dans le march\u00e9 tunisien toutes ses comp\u00e9tences en mati\u00e8re de transport m\u00e9dicalis\u00e9 (rapatriement, \u00e9vacuation sanitaire) sur des sites professionnels tels que les zones de prospection et de forage p\u00e9troliers, les gisements miniers et les chantiers de construction. Notre soci\u00e9t\u00e9 intervient pour fournir toute la logistique sanitaire&nbsp;&hellip;\" \/>\n<meta property=\"og:url\" content=\"https:\/\/calypso-service.com\/index.php\/services\/transport-medicalise\/\" \/>\n<meta property=\"og:site_name\" content=\"Calypso Services\" \/>\n<meta property=\"article:publisher\" content=\"https:\/\/www.facebook.com\/Calypso.Service\/\" \/>\n<meta property=\"article:modified_time\" content=\"2018-11-16T09:23:11+00:00\" \/>\n<meta name=\"twitter:card\" content=\"summary_large_image\" \/>\n<meta name=\"twitter:label1\" content=\"Dur\u00e9e de lecture est.\" \/>\n\t<meta name=\"twitter:data1\" content=\"1 minute\" \/>\n<script type=\"application\/ld+json\" class=\"yoast-schema-graph\">{\"@context\":\"https:\/\/schema.org\",\"@graph\":[{\"@type\":\"WebPage\",\"@id\":\"https:\/\/calypso-service.com\/index.php\/services\/transport-medicalise\/\",\"url\":\"https:\/\/calypso-service.com\/index.php\/services\/transport-medicalise\/\",\"name\":\"Transport M\u00e9dicalis\u00e9 - Calypso Services\",\"isPartOf\":{\"@id\":\"https:\/\/calypso-service.com\/#website\"},\"datePublished\":\"2018-11-15T14:15:59+00:00\",\"dateModified\":\"2018-11-16T09:23:11+00:00\",\"breadcrumb\":{\"@id\":\"https:\/\/calypso-service.com\/index.php\/services\/transport-medicalise\/#breadcrumb\"},\"inLanguage\":\"fr-BE\",\"potentialAction\":[{\"@type\":\"ReadAction\",\"target\":[\"https:\/\/calypso-service.com\/index.php\/services\/transport-medicalise\/\"]}]},{\"@type\":\"BreadcrumbList\",\"@id\":\"https:\/\/calypso-service.com\/index.php\/services\/transport-medicalise\/#breadcrumb\",\"itemListElement\":[{\"@type\":\"ListItem\",\"position\":1,\"name\":\"Accueil\",\"item\":\"https:\/\/calypso-service.com\/\"},{\"@type\":\"ListItem\",\"position\":2,\"name\":\"Services\",\"item\":\"https:\/\/calypso-service.com\/index.php\/services\/\"},{\"@type\":\"ListItem\",\"position\":3,\"name\":\"Transport M\u00e9dicalis\u00e9\"}]},{\"@type\":\"WebSite\",\"@id\":\"https:\/\/calypso-service.com\/#website\",\"url\":\"https:\/\/calypso-service.com\/\",\"name\":\"Calypso Services\",\"description\":\"Assistance M\u00e9dicale en Tunisie\",\"publisher\":{\"@id\":\"https:\/\/calypso-service.com\/#organization\"},\"potentialAction\":[{\"@type\":\"SearchAction\",\"target\":{\"@type\":\"EntryPoint\",\"urlTemplate\":\"https:\/\/calypso-service.com\/?s={search_term_string}\"},\"query-input\":\"required name=search_term_string\"}],\"inLanguage\":\"fr-BE\"},{\"@type\":\"Organization\",\"@id\":\"https:\/\/calypso-service.com\/#organization\",\"name\":\"Calypso Services\",\"url\":\"https:\/\/calypso-service.com\/\",\"logo\":{\"@type\":\"ImageObject\",\"inLanguage\":\"fr-BE\",\"@id\":\"https:\/\/calypso-service.com\/#\/schema\/logo\/image\/\",\"url\":\"https:\/\/calypso-service.com\/wp-content\/uploads\/2018\/12\/cropped-Sans-titre-1-2.png\",\"contentUrl\":\"https:\/\/calypso-service.com\/wp-content\/uploads\/2018\/12\/cropped-Sans-titre-1-2.png\",\"width\":150,\"height\":70,\"caption\":\"Calypso Services\"},\"image\":{\"@id\":\"https:\/\/calypso-service.com\/#\/schema\/logo\/image\/\"},\"sameAs\":[\"https:\/\/www.facebook.com\/Calypso.Service\/\",\"https:\/\/www.linkedin.com\/company\/calypsoservices\"]}]}<\/script>\n<!-- \/ Yoast SEO plugin. -->","yoast_head_json":{"title":"Transport M\u00e9dicalis\u00e9 - Calypso Services","robots":{"index":"index","follow":"follow","max-snippet":"max-snippet:-1","max-image-preview":"max-image-preview:large","max-video-preview":"max-video-preview:-1"},"canonical":"https:\/\/calypso-service.com\/index.php\/services\/transport-medicalise\/","og_locale":"fr_FR","og_type":"article","og_title":"Transport M\u00e9dicalis\u00e9 - Calypso Services","og_description":"Calypso Services\u00a0met \u00e0 votre disposition en tant que leader dans le march\u00e9 tunisien toutes ses comp\u00e9tences en mati\u00e8re de transport m\u00e9dicalis\u00e9 (rapatriement, \u00e9vacuation sanitaire) sur des sites professionnels tels que les zones de prospection et de forage p\u00e9troliers, les gisements miniers et les chantiers de construction. Notre soci\u00e9t\u00e9 intervient pour fournir toute la logistique sanitaire&nbsp;&hellip;","og_url":"https:\/\/calypso-service.com\/index.php\/services\/transport-medicalise\/","og_site_name":"Calypso Services","article_publisher":"https:\/\/www.facebook.com\/Calypso.Service\/","article_modified_time":"2018-11-16T09:23:11+00:00","twitter_card":"summary_large_image","twitter_misc":{"Dur\u00e9e de lecture est.":"1 minute"},"schema":{"@context":"https:\/\/schema.org","@graph":[{"@type":"WebPage","@id":"https:\/\/calypso-service.com\/index.php\/services\/transport-medicalise\/","url":"https:\/\/calypso-service.com\/index.php\/services\/transport-medicalise\/","name":"Transport M\u00e9dicalis\u00e9 - Calypso Services","isPartOf":{"@id":"https:\/\/calypso-service.com\/#website"},"datePublished":"2018-11-15T14:15:59+00:00","dateModified":"2018-11-16T09:23:11+00:00","breadcrumb":{"@id":"https:\/\/calypso-service.com\/index.php\/services\/transport-medicalise\/#breadcrumb"},"inLanguage":"fr-BE","potentialAction":[{"@type":"ReadAction","target":["https:\/\/calypso-service.com\/index.php\/services\/transport-medicalise\/"]}]},{"@type":"BreadcrumbList","@id":"https:\/\/calypso-service.com\/index.php\/services\/transport-medicalise\/#breadcrumb","itemListElement":[{"@type":"ListItem","position":1,"name":"Accueil","item":"https:\/\/calypso-service.com\/"},{"@type":"ListItem","position":2,"name":"Services","item":"https:\/\/calypso-service.com\/index.php\/services\/"},{"@type":"ListItem","position":3,"name":"Transport M\u00e9dicalis\u00e9"}]},{"@type":"WebSite","@id":"https:\/\/calypso-service.com\/#website","url":"https:\/\/calypso-service.com\/","name":"Calypso Services","description":"Assistance M\u00e9dicale en Tunisie","publisher":{"@id":"https:\/\/calypso-service.com\/#organization"},"potentialAction":[{"@type":"SearchAction","target":{"@type":"EntryPoint","urlTemplate":"https:\/\/calypso-service.com\/?s={search_term_string}"},"query-input":"required name=search_term_string"}],"inLanguage":"fr-BE"},{"@type":"Organization","@id":"https:\/\/calypso-service.com\/#organization","name":"Calypso Services","url":"https:\/\/calypso-service.com\/","logo":{"@type":"ImageObject","inLanguage":"fr-BE","@id":"https:\/\/calypso-service.com\/#\/schema\/logo\/image\/","url":"https:\/\/calypso-service.com\/wp-content\/uploads\/2018\/12\/cropped-Sans-titre-1-2.png","contentUrl":"https:\/\/calypso-service.com\/wp-content\/uploads\/2018\/12\/cropped-Sans-titre-1-2.png","width":150,"height":70,"caption":"Calypso Services"},"image":{"@id":"https:\/\/calypso-service.com\/#\/schema\/logo\/image\/"},"sameAs":["https:\/\/www.facebook.com\/Calypso.Service\/","https:\/\/www.linkedin.com\/company\/calypsoservices"]}]}},"_links":{"self":[{"href":"https:\/\/calypso-service.com\/index.php\/wp-json\/wp\/v2\/pages\/20","targetHints":{"allow":["GET"]}}],"collection":[{"href":"https:\/\/calypso-service.com\/index.php\/wp-json\/wp\/v2\/pages"}],"about":[{"href":"https:\/\/calypso-service.com\/index.php\/wp-json\/wp\/v2\/types\/page"}],"author":[{"embeddable":true,"href":"https:\/\/calypso-service.com\/index.php\/wp-json\/wp\/v2\/users\/1"}],"replies":[{"embeddable":true,"href":"https:\/\/calypso-service.com\/index.php\/wp-json\/wp\/v2\/comments?post=20"}],"version-history":[{"count":1,"href":"https:\/\/calypso-service.com\/index.php\/wp-json\/wp\/v2\/pages\/20\/revisions"}],"predecessor-version":[{"id":21,"href":"https:\/\/calypso-service.com\/index.php\/wp-json\/wp\/v2\/pages\/20\/revisions\/21"}],"up":[{"embeddable":true,"href":"https:\/\/calypso-service.com\/index.php\/wp-json\/wp\/v2\/pages\/70"}],"wp:attachment":[{"href":"https:\/\/calypso-service.com\/index.php\/wp-json\/wp\/v2\/media?parent=20"}],"curies":[{"name":"wp","href":"https:\/\/api.w.org\/{rel}","templated":true}]}}